{"id":8487,"date":"2021-12-20T09:11:11","date_gmt":"2021-12-20T08:11:11","guid":{"rendered":"https:\/\/www.coeurdesaintfargeau.fr\/produit\/sac-banane-mat\/"},"modified":"2022-01-30T18:11:15","modified_gmt":"2022-01-30T17:11:15","slug":"sac-banane-mat","status":"publish","type":"product","link":"https:\/\/www.coeurdesaintfargeau.fr\/en\/produit\/sac-banane-mat\/","title":{"rendered":"Sac banane &#8216;Mat&#8217;"},"content":{"rendered":"<p>Sac banane &#8216;Matt&#8217; pour elle &amp; lui, de la collection Bear Design Callisto Pelle. Portez le sac comme vous le souhaitez : autour de la hanche ou moderne sur une \u00e9paule.<\/p>\n<p>Caract\u00e9ristiques:<\/p>\n<p>Dimensions (sac) 30 longueur, 18 hauteur, +- 5 largeur CM<br \/>\nPoids : 0,33 kilogramme<br \/>\nPetite poche zipp\u00e9e &#8220;cach\u00e9e&#8221; sur le devant sous rabat avec bouton pression<br \/>\n2 poches zipp\u00e9es \u00e0 l&#8217;arri\u00e8re<br \/>\ncompartiment principal avec fermeture \u00e9clair<br \/>\nBandouli\u00e8re r\u00e9glable et amovible<br \/>\nLongueur maximale de la ceinture abdominale : 90 CM<\/p>\n","protected":false},"excerpt":{"rendered":"<p>Sac banane &#8216;Matt&#8217; pour elle &amp; lui, de la collection Bear Design Callisto Pelle. Portez le sac comme vous le souhaitez : autour de la hanche ou moderne sur une \u00e9paule.<\/p>\n<h6><em>*POUR UN SAC DE LA MARQUE BEAR DESIGN ACHET\u00c9,\u00a0 1 PORTE CL\u00c9 ASSORTI AINSI QU\u2019UN POCHON EN COTON VOUS SERONT OFFERTS.<\/em><\/h6>\n","protected":false},"featured_media":8810,"comment_status":"open","ping_status":"closed","template":"","meta":[],"product_cat":[186],"product_tag":[151],"giftcard-category":[],"class_list":{"0":"post-8487","1":"product","2":"type-product","3":"status-publish","4":"has-post-thumbnail","6":"product_cat-sac-homme","7":"product_tag-bear-design","9":"first","10":"instock","11":"shipping-taxable","12":"purchasable","13":"product-type-simple"},"yoast_head":"<!-- This site is optimized with the Yoast SEO plugin v24.0 - https:\/\/yoast.com\/wordpress\/plugins\/seo\/ -->\n<title>Sac banane &#039;Mat&#039; - Coeur de Saint Fargeau<\/title>\n<meta name=\"robots\" content=\"index, follow, max-snippet:-1, max-image-preview:large, max-video-preview:-1\" \/>\n<link rel=\"canonical\" href=\"https:\/\/www.coeurdesaintfargeau.fr\/en\/produit\/sac-banane-mat\/\" \/>\n<meta property=\"og:locale\" content=\"en_US\" \/>\n<meta property=\"og:type\" content=\"article\" \/>\n<meta property=\"og:title\" content=\"Sac banane &#039;Mat&#039; - Coeur de Saint Fargeau\" \/>\n<meta property=\"og:description\" content=\"Sac banane &#039;Matt&#039; pour elle &amp; lui, de la collection Bear Design Callisto Pelle. Portez le sac comme vous le souhaitez : autour de la hanche ou moderne sur une \u00e9paule. *POUR UN SAC DE LA MARQUE BEAR DESIGN ACHET\u00c9,\u00a0 1 PORTE CL\u00c9 ASSORTI AINSI QU\u2019UN POCHON EN COTON VOUS SERONT OFFERTS.\" \/>\n<meta property=\"og:url\" content=\"https:\/\/www.coeurdesaintfargeau.fr\/en\/produit\/sac-banane-mat\/\" \/>\n<meta property=\"og:site_name\" content=\"Coeur de Saint Fargeau\" \/>\n<meta property=\"article:modified_time\" content=\"2022-01-30T17:11:15+00:00\" \/>\n<meta property=\"og:image\" content=\"https:\/\/www.coeurdesaintfargeau.fr\/wp-content\/uploads\/2021\/12\/bear-design-heuptas-matt-cp-1565-cognac.jpg\" \/>\n\t<meta property=\"og:image:width\" content=\"660\" \/>\n\t<meta property=\"og:image:height\" content=\"660\" \/>\n\t<meta property=\"og:image:type\" content=\"image\/jpeg\" \/>\n<meta name=\"twitter:card\" content=\"summary_large_image\" \/>\n<script type=\"application\/ld+json\" class=\"yoast-schema-graph\">{\"@context\":\"https:\/\/schema.org\",\"@graph\":[{\"@type\":\"WebPage\",\"@id\":\"https:\/\/www.coeurdesaintfargeau.fr\/en\/produit\/sac-banane-mat\/\",\"url\":\"https:\/\/www.coeurdesaintfargeau.fr\/en\/produit\/sac-banane-mat\/\",\"name\":\"Sac banane 'Mat' - Coeur de Saint Fargeau\",\"isPartOf\":{\"@id\":\"https:\/\/www.coeurdesaintfargeau.fr\/en\/#website\"},\"primaryImageOfPage\":{\"@id\":\"https:\/\/www.coeurdesaintfargeau.fr\/en\/produit\/sac-banane-mat\/#primaryimage\"},\"image\":{\"@id\":\"https:\/\/www.coeurdesaintfargeau.fr\/en\/produit\/sac-banane-mat\/#primaryimage\"},\"thumbnailUrl\":\"https:\/\/www.coeurdesaintfargeau.fr\/wp-content\/uploads\/2021\/12\/bear-design-heuptas-matt-cp-1565-cognac.jpg\",\"datePublished\":\"2021-12-20T08:11:11+00:00\",\"dateModified\":\"2022-01-30T17:11:15+00:00\",\"breadcrumb\":{\"@id\":\"https:\/\/www.coeurdesaintfargeau.fr\/en\/produit\/sac-banane-mat\/#breadcrumb\"},\"inLanguage\":\"en-US\",\"potentialAction\":[{\"@type\":\"ReadAction\",\"target\":[\"https:\/\/www.coeurdesaintfargeau.fr\/en\/produit\/sac-banane-mat\/\"]}]},{\"@type\":\"ImageObject\",\"inLanguage\":\"en-US\",\"@id\":\"https:\/\/www.coeurdesaintfargeau.fr\/en\/produit\/sac-banane-mat\/#primaryimage\",\"url\":\"https:\/\/www.coeurdesaintfargeau.fr\/wp-content\/uploads\/2021\/12\/bear-design-heuptas-matt-cp-1565-cognac.jpg\",\"contentUrl\":\"https:\/\/www.coeurdesaintfargeau.fr\/wp-content\/uploads\/2021\/12\/bear-design-heuptas-matt-cp-1565-cognac.jpg\",\"width\":660,\"height\":660},{\"@type\":\"BreadcrumbList\",\"@id\":\"https:\/\/www.coeurdesaintfargeau.fr\/en\/produit\/sac-banane-mat\/#breadcrumb\",\"itemListElement\":[{\"@type\":\"ListItem\",\"position\":1,\"name\":\"Accueil\",\"item\":\"https:\/\/www.coeurdesaintfargeau.fr\/en\/\"},{\"@type\":\"ListItem\",\"position\":2,\"name\":\"Boutique\",\"item\":\"https:\/\/www.coeurdesaintfargeau.fr\/boutique\/\"},{\"@type\":\"ListItem\",\"position\":3,\"name\":\"Sac banane &#8216;Mat&#8217;\"}]},{\"@type\":\"WebSite\",\"@id\":\"https:\/\/www.coeurdesaintfargeau.fr\/en\/#website\",\"url\":\"https:\/\/www.coeurdesaintfargeau.fr\/en\/\",\"name\":\"Coeur de Saint Fargeau\",\"description\":\"Maroquinerie et accessoires.\",\"potentialAction\":[{\"@type\":\"SearchAction\",\"target\":{\"@type\":\"EntryPoint\",\"urlTemplate\":\"https:\/\/www.coeurdesaintfargeau.fr\/en\/?s={search_term_string}\"},\"query-input\":{\"@type\":\"PropertyValueSpecification\",\"valueRequired\":true,\"valueName\":\"search_term_string\"}}],\"inLanguage\":\"en-US\"}]}<\/script>\n<!-- \/ Yoast SEO plugin. -->","yoast_head_json":{"title":"Sac banane 'Mat' - Coeur de Saint Fargeau","robots":{"index":"index","follow":"follow","max-snippet":"max-snippet:-1","max-image-preview":"max-image-preview:large","max-video-preview":"max-video-preview:-1"},"canonical":"https:\/\/www.coeurdesaintfargeau.fr\/en\/produit\/sac-banane-mat\/","og_locale":"en_US","og_type":"article","og_title":"Sac banane 'Mat' - Coeur de Saint Fargeau","og_description":"Sac banane 'Matt' pour elle &amp; lui, de la collection Bear Design Callisto Pelle. Portez le sac comme vous le souhaitez : autour de la hanche ou moderne sur une \u00e9paule. *POUR UN SAC DE LA MARQUE BEAR DESIGN ACHET\u00c9,\u00a0 1 PORTE CL\u00c9 ASSORTI AINSI QU\u2019UN POCHON EN COTON VOUS SERONT OFFERTS.","og_url":"https:\/\/www.coeurdesaintfargeau.fr\/en\/produit\/sac-banane-mat\/","og_site_name":"Coeur de Saint Fargeau","article_modified_time":"2022-01-30T17:11:15+00:00","og_image":[{"width":660,"height":660,"url":"https:\/\/www.coeurdesaintfargeau.fr\/wp-content\/uploads\/2021\/12\/bear-design-heuptas-matt-cp-1565-cognac.jpg","type":"image\/jpeg"}],"twitter_card":"summary_large_image","schema":{"@context":"https:\/\/schema.org","@graph":[{"@type":"WebPage","@id":"https:\/\/www.coeurdesaintfargeau.fr\/en\/produit\/sac-banane-mat\/","url":"https:\/\/www.coeurdesaintfargeau.fr\/en\/produit\/sac-banane-mat\/","name":"Sac banane 'Mat' - Coeur de Saint Fargeau","isPartOf":{"@id":"https:\/\/www.coeurdesaintfargeau.fr\/en\/#website"},"primaryImageOfPage":{"@id":"https:\/\/www.coeurdesaintfargeau.fr\/en\/produit\/sac-banane-mat\/#primaryimage"},"image":{"@id":"https:\/\/www.coeurdesaintfargeau.fr\/en\/produit\/sac-banane-mat\/#primaryimage"},"thumbnailUrl":"https:\/\/www.coeurdesaintfargeau.fr\/wp-content\/uploads\/2021\/12\/bear-design-heuptas-matt-cp-1565-cognac.jpg","datePublished":"2021-12-20T08:11:11+00:00","dateModified":"2022-01-30T17:11:15+00:00","breadcrumb":{"@id":"https:\/\/www.coeurdesaintfargeau.fr\/en\/produit\/sac-banane-mat\/#breadcrumb"},"inLanguage":"en-US","potentialAction":[{"@type":"ReadAction","target":["https:\/\/www.coeurdesaintfargeau.fr\/en\/produit\/sac-banane-mat\/"]}]},{"@type":"ImageObject","inLanguage":"en-US","@id":"https:\/\/www.coeurdesaintfargeau.fr\/en\/produit\/sac-banane-mat\/#primaryimage","url":"https:\/\/www.coeurdesaintfargeau.fr\/wp-content\/uploads\/2021\/12\/bear-design-heuptas-matt-cp-1565-cognac.jpg","contentUrl":"https:\/\/www.coeurdesaintfargeau.fr\/wp-content\/uploads\/2021\/12\/bear-design-heuptas-matt-cp-1565-cognac.jpg","width":660,"height":660},{"@type":"BreadcrumbList","@id":"https:\/\/www.coeurdesaintfargeau.fr\/en\/produit\/sac-banane-mat\/#breadcrumb","itemListElement":[{"@type":"ListItem","position":1,"name":"Accueil","item":"https:\/\/www.coeurdesaintfargeau.fr\/en\/"},{"@type":"ListItem","position":2,"name":"Boutique","item":"https:\/\/www.coeurdesaintfargeau.fr\/boutique\/"},{"@type":"ListItem","position":3,"name":"Sac banane &#8216;Mat&#8217;"}]},{"@type":"WebSite","@id":"https:\/\/www.coeurdesaintfargeau.fr\/en\/#website","url":"https:\/\/www.coeurdesaintfargeau.fr\/en\/","name":"Coeur de Saint Fargeau","description":"Maroquinerie et accessoires.","potentialAction":[{"@type":"SearchAction","target":{"@type":"EntryPoint","urlTemplate":"https:\/\/www.coeurdesaintfargeau.fr\/en\/?s={search_term_string}"},"query-input":{"@type":"PropertyValueSpecification","valueRequired":true,"valueName":"search_term_string"}}],"inLanguage":"en-US"}]}},"_links":{"self":[{"href":"https:\/\/www.coeurdesaintfargeau.fr\/en\/wp-json\/wp\/v2\/product\/8487","targetHints":{"allow":["GET"]}}],"collection":[{"href":"https:\/\/www.coeurdesaintfargeau.fr\/en\/wp-json\/wp\/v2\/product"}],"about":[{"href":"https:\/\/www.coeurdesaintfargeau.fr\/en\/wp-json\/wp\/v2\/types\/product"}],"replies":[{"embeddable":true,"href":"https:\/\/www.coeurdesaintfargeau.fr\/en\/wp-json\/wp\/v2\/comments?post=8487"}],"wp:featuredmedia":[{"embeddable":true,"href":"https:\/\/www.coeurdesaintfargeau.fr\/en\/wp-json\/wp\/v2\/media\/8810"}],"wp:attachment":[{"href":"https:\/\/www.coeurdesaintfargeau.fr\/en\/wp-json\/wp\/v2\/media?parent=8487"}],"wp:term":[{"taxonomy":"product_cat","embeddable":true,"href":"https:\/\/www.coeurdesaintfargeau.fr\/en\/wp-json\/wp\/v2\/product_cat?post=8487"},{"taxonomy":"product_tag","embeddable":true,"href":"https:\/\/www.coeurdesaintfargeau.fr\/en\/wp-json\/wp\/v2\/product_tag?post=8487"},{"taxonomy":"giftcard-category","embeddable":true,"href":"https:\/\/www.coeurdesaintfargeau.fr\/en\/wp-json\/wp\/v2\/giftcard-category?post=8487"}],"curies":[{"name":"wp","href":"https:\/\/api.w.org\/{rel}","templated":true}]}}