{"id":8472,"date":"2021-12-20T09:11:09","date_gmt":"2021-12-20T08:11:09","guid":{"rendered":"https:\/\/www.coeurdesaintfargeau.fr\/produit\/sac-a-bandouliere-anna\/"},"modified":"2022-01-31T16:55:26","modified_gmt":"2022-01-31T15:55:26","slug":"sac-a-bandouliere-anna","status":"publish","type":"product","link":"https:\/\/www.coeurdesaintfargeau.fr\/en\/produit\/sac-a-bandouliere-anna\/","title":{"rendered":"Sac \u00e0 bandouli\u00e8re &#8216;Anna&#8217;"},"content":{"rendered":"<p>Fabriqu\u00e9 \u00e0 partir du cuir Bear Design Lavato souple et magnifiquement color\u00e9 et la combinaison avec le design pratique de ce sac en fait un favori !<\/p>\n<p>Le sac a une longue bandouli\u00e8re r\u00e9glable (plus de 130 cm) et peut \u00eatre port\u00e9 aussi bien sur le devant que sur le dos du corps.<br \/>\nEn raison de la forme du sac, il s&#8217;adapte parfaitement au corps.<\/p>\n<p>Sur le dessus, nous trouvons une poche zipp\u00e9e qui peut \u00eatre largement ouverte, ce qui rend l&#8217;int\u00e9rieur facilement accessible.<br \/>\nA l&#8217;int\u00e9rieur une poche zipp\u00e9e suppl\u00e9mentaire et une poche pour t\u00e9l\u00e9phone.<\/p>\n<p>Le sac a une jolie poche avant sur le devant, qui a un bouton poussoir pour le fermer.<br \/>\nJuste au-dessus de la poche avant se trouve une poche zipp\u00e9e suppl\u00e9mentaire, tout comme \u00e0 l&#8217;arri\u00e8re.<\/p>\n<p>Dimensions : 27 longueur, 30 hauteur, 9 largeur CM<br \/>\nPoids : 580 grammes<\/p>\n","protected":false},"excerpt":{"rendered":"<p>Le sac a une longue bandouli\u00e8re r\u00e9glable (plus de 130 cm) et peut \u00eatre port\u00e9 aussi bien sur le devant que sur le dos du corps.<br \/>\nEn raison de la forme du sac, il s&#8217;adapte parfaitement au corps.<\/p>\n<h6><em>*POUR UN SAC DE LA MARQUE BEAR DESIGN ACHET\u00c9,\u00a0 1 PORTE CL\u00c9 ASSORTI AINSI QU\u2019UN POCHON EN COTON VOUS SERONT OFFERTS.<\/em><\/h6>\n","protected":false},"featured_media":9027,"comment_status":"open","ping_status":"closed","template":"","meta":[],"product_cat":[126],"product_tag":[151],"giftcard-category":[],"class_list":{"0":"post-8472","1":"product","2":"type-product","3":"status-publish","4":"has-post-thumbnail","6":"product_cat-sac","7":"product_tag-bear-design","9":"first","10":"instock","11":"shipping-taxable","12":"purchasable","13":"product-type-variable"},"yoast_head":"<!-- This site is optimized with the Yoast SEO plugin v24.0 - https:\/\/yoast.com\/wordpress\/plugins\/seo\/ -->\n<title>Sac \u00e0 bandouli\u00e8re &#039;Anna&#039; - Coeur de Saint Fargeau<\/title>\n<meta name=\"robots\" content=\"index, follow, max-snippet:-1, max-image-preview:large, max-video-preview:-1\" \/>\n<link rel=\"canonical\" href=\"https:\/\/www.coeurdesaintfargeau.fr\/en\/produit\/sac-a-bandouliere-anna\/\" \/>\n<meta property=\"og:locale\" content=\"en_US\" \/>\n<meta property=\"og:type\" content=\"article\" \/>\n<meta property=\"og:title\" content=\"Sac \u00e0 bandouli\u00e8re &#039;Anna&#039; - Coeur de Saint Fargeau\" \/>\n<meta property=\"og:description\" content=\"Le sac a une longue bandouli\u00e8re r\u00e9glable (plus de 130 cm) et peut \u00eatre port\u00e9 aussi bien sur le devant que sur le dos du corps. En raison de la forme du sac, il s&#039;adapte parfaitement au corps. *POUR UN SAC DE LA MARQUE BEAR DESIGN ACHET\u00c9,\u00a0 1 PORTE CL\u00c9 ASSORTI AINSI QU\u2019UN POCHON EN COTON VOUS SERONT OFFERTS.\" \/>\n<meta property=\"og:url\" content=\"https:\/\/www.coeurdesaintfargeau.fr\/en\/produit\/sac-a-bandouliere-anna\/\" \/>\n<meta property=\"og:site_name\" content=\"Coeur de Saint Fargeau\" \/>\n<meta property=\"article:modified_time\" content=\"2022-01-31T15:55:26+00:00\" \/>\n<meta property=\"og:image\" content=\"https:\/\/www.coeurdesaintfargeau.fr\/wp-content\/uploads\/2021\/12\/bear-design-cl-32612-rood-schoudertas-anna.jpg\" \/>\n\t<meta property=\"og:image:width\" content=\"660\" \/>\n\t<meta property=\"og:image:height\" content=\"660\" \/>\n\t<meta property=\"og:image:type\" content=\"image\/jpeg\" \/>\n<meta name=\"twitter:card\" content=\"summary_large_image\" \/>\n<meta name=\"twitter:label1\" content=\"Est. reading time\" \/>\n\t<meta name=\"twitter:data1\" content=\"1 minute\" \/>\n<script type=\"application\/ld+json\" class=\"yoast-schema-graph\">{\"@context\":\"https:\/\/schema.org\",\"@graph\":[{\"@type\":\"WebPage\",\"@id\":\"https:\/\/www.coeurdesaintfargeau.fr\/en\/produit\/sac-a-bandouliere-anna\/\",\"url\":\"https:\/\/www.coeurdesaintfargeau.fr\/en\/produit\/sac-a-bandouliere-anna\/\",\"name\":\"Sac \u00e0 bandouli\u00e8re 'Anna' - Coeur de Saint Fargeau\",\"isPartOf\":{\"@id\":\"https:\/\/www.coeurdesaintfargeau.fr\/en\/#website\"},\"primaryImageOfPage\":{\"@id\":\"https:\/\/www.coeurdesaintfargeau.fr\/en\/produit\/sac-a-bandouliere-anna\/#primaryimage\"},\"image\":{\"@id\":\"https:\/\/www.coeurdesaintfargeau.fr\/en\/produit\/sac-a-bandouliere-anna\/#primaryimage\"},\"thumbnailUrl\":\"https:\/\/www.coeurdesaintfargeau.fr\/wp-content\/uploads\/2021\/12\/bear-design-cl-32612-rood-schoudertas-anna.jpg\",\"datePublished\":\"2021-12-20T08:11:09+00:00\",\"dateModified\":\"2022-01-31T15:55:26+00:00\",\"breadcrumb\":{\"@id\":\"https:\/\/www.coeurdesaintfargeau.fr\/en\/produit\/sac-a-bandouliere-anna\/#breadcrumb\"},\"inLanguage\":\"en-US\",\"potentialAction\":[{\"@type\":\"ReadAction\",\"target\":[\"https:\/\/www.coeurdesaintfargeau.fr\/en\/produit\/sac-a-bandouliere-anna\/\"]}]},{\"@type\":\"ImageObject\",\"inLanguage\":\"en-US\",\"@id\":\"https:\/\/www.coeurdesaintfargeau.fr\/en\/produit\/sac-a-bandouliere-anna\/#primaryimage\",\"url\":\"https:\/\/www.coeurdesaintfargeau.fr\/wp-content\/uploads\/2021\/12\/bear-design-cl-32612-rood-schoudertas-anna.jpg\",\"contentUrl\":\"https:\/\/www.coeurdesaintfargeau.fr\/wp-content\/uploads\/2021\/12\/bear-design-cl-32612-rood-schoudertas-anna.jpg\",\"width\":660,\"height\":660},{\"@type\":\"BreadcrumbList\",\"@id\":\"https:\/\/www.coeurdesaintfargeau.fr\/en\/produit\/sac-a-bandouliere-anna\/#breadcrumb\",\"itemListElement\":[{\"@type\":\"ListItem\",\"position\":1,\"name\":\"Accueil\",\"item\":\"https:\/\/www.coeurdesaintfargeau.fr\/en\/\"},{\"@type\":\"ListItem\",\"position\":2,\"name\":\"Boutique\",\"item\":\"https:\/\/www.coeurdesaintfargeau.fr\/boutique\/\"},{\"@type\":\"ListItem\",\"position\":3,\"name\":\"Sac \u00e0 bandouli\u00e8re &#8216;Anna&#8217;\"}]},{\"@type\":\"WebSite\",\"@id\":\"https:\/\/www.coeurdesaintfargeau.fr\/en\/#website\",\"url\":\"https:\/\/www.coeurdesaintfargeau.fr\/en\/\",\"name\":\"Coeur de Saint Fargeau\",\"description\":\"Maroquinerie et accessoires.\",\"potentialAction\":[{\"@type\":\"SearchAction\",\"target\":{\"@type\":\"EntryPoint\",\"urlTemplate\":\"https:\/\/www.coeurdesaintfargeau.fr\/en\/?s={search_term_string}\"},\"query-input\":{\"@type\":\"PropertyValueSpecification\",\"valueRequired\":true,\"valueName\":\"search_term_string\"}}],\"inLanguage\":\"en-US\"}]}<\/script>\n<!-- \/ Yoast SEO plugin. -->","yoast_head_json":{"title":"Sac \u00e0 bandouli\u00e8re 'Anna' - Coeur de Saint Fargeau","robots":{"index":"index","follow":"follow","max-snippet":"max-snippet:-1","max-image-preview":"max-image-preview:large","max-video-preview":"max-video-preview:-1"},"canonical":"https:\/\/www.coeurdesaintfargeau.fr\/en\/produit\/sac-a-bandouliere-anna\/","og_locale":"en_US","og_type":"article","og_title":"Sac \u00e0 bandouli\u00e8re 'Anna' - Coeur de Saint Fargeau","og_description":"Le sac a une longue bandouli\u00e8re r\u00e9glable (plus de 130 cm) et peut \u00eatre port\u00e9 aussi bien sur le devant que sur le dos du corps. En raison de la forme du sac, il s'adapte parfaitement au corps. *POUR UN SAC DE LA MARQUE BEAR DESIGN ACHET\u00c9,\u00a0 1 PORTE CL\u00c9 ASSORTI AINSI QU\u2019UN POCHON EN COTON VOUS SERONT OFFERTS.","og_url":"https:\/\/www.coeurdesaintfargeau.fr\/en\/produit\/sac-a-bandouliere-anna\/","og_site_name":"Coeur de Saint Fargeau","article_modified_time":"2022-01-31T15:55:26+00:00","og_image":[{"width":660,"height":660,"url":"https:\/\/www.coeurdesaintfargeau.fr\/wp-content\/uploads\/2021\/12\/bear-design-cl-32612-rood-schoudertas-anna.jpg","type":"image\/jpeg"}],"twitter_card":"summary_large_image","twitter_misc":{"Est. reading time":"1 minute"},"schema":{"@context":"https:\/\/schema.org","@graph":[{"@type":"WebPage","@id":"https:\/\/www.coeurdesaintfargeau.fr\/en\/produit\/sac-a-bandouliere-anna\/","url":"https:\/\/www.coeurdesaintfargeau.fr\/en\/produit\/sac-a-bandouliere-anna\/","name":"Sac \u00e0 bandouli\u00e8re 'Anna' - Coeur de Saint Fargeau","isPartOf":{"@id":"https:\/\/www.coeurdesaintfargeau.fr\/en\/#website"},"primaryImageOfPage":{"@id":"https:\/\/www.coeurdesaintfargeau.fr\/en\/produit\/sac-a-bandouliere-anna\/#primaryimage"},"image":{"@id":"https:\/\/www.coeurdesaintfargeau.fr\/en\/produit\/sac-a-bandouliere-anna\/#primaryimage"},"thumbnailUrl":"https:\/\/www.coeurdesaintfargeau.fr\/wp-content\/uploads\/2021\/12\/bear-design-cl-32612-rood-schoudertas-anna.jpg","datePublished":"2021-12-20T08:11:09+00:00","dateModified":"2022-01-31T15:55:26+00:00","breadcrumb":{"@id":"https:\/\/www.coeurdesaintfargeau.fr\/en\/produit\/sac-a-bandouliere-anna\/#breadcrumb"},"inLanguage":"en-US","potentialAction":[{"@type":"ReadAction","target":["https:\/\/www.coeurdesaintfargeau.fr\/en\/produit\/sac-a-bandouliere-anna\/"]}]},{"@type":"ImageObject","inLanguage":"en-US","@id":"https:\/\/www.coeurdesaintfargeau.fr\/en\/produit\/sac-a-bandouliere-anna\/#primaryimage","url":"https:\/\/www.coeurdesaintfargeau.fr\/wp-content\/uploads\/2021\/12\/bear-design-cl-32612-rood-schoudertas-anna.jpg","contentUrl":"https:\/\/www.coeurdesaintfargeau.fr\/wp-content\/uploads\/2021\/12\/bear-design-cl-32612-rood-schoudertas-anna.jpg","width":660,"height":660},{"@type":"BreadcrumbList","@id":"https:\/\/www.coeurdesaintfargeau.fr\/en\/produit\/sac-a-bandouliere-anna\/#breadcrumb","itemListElement":[{"@type":"ListItem","position":1,"name":"Accueil","item":"https:\/\/www.coeurdesaintfargeau.fr\/en\/"},{"@type":"ListItem","position":2,"name":"Boutique","item":"https:\/\/www.coeurdesaintfargeau.fr\/boutique\/"},{"@type":"ListItem","position":3,"name":"Sac \u00e0 bandouli\u00e8re &#8216;Anna&#8217;"}]},{"@type":"WebSite","@id":"https:\/\/www.coeurdesaintfargeau.fr\/en\/#website","url":"https:\/\/www.coeurdesaintfargeau.fr\/en\/","name":"Coeur de Saint Fargeau","description":"Maroquinerie et accessoires.","potentialAction":[{"@type":"SearchAction","target":{"@type":"EntryPoint","urlTemplate":"https:\/\/www.coeurdesaintfargeau.fr\/en\/?s={search_term_string}"},"query-input":{"@type":"PropertyValueSpecification","valueRequired":true,"valueName":"search_term_string"}}],"inLanguage":"en-US"}]}},"_links":{"self":[{"href":"https:\/\/www.coeurdesaintfargeau.fr\/en\/wp-json\/wp\/v2\/product\/8472","targetHints":{"allow":["GET"]}}],"collection":[{"href":"https:\/\/www.coeurdesaintfargeau.fr\/en\/wp-json\/wp\/v2\/product"}],"about":[{"href":"https:\/\/www.coeurdesaintfargeau.fr\/en\/wp-json\/wp\/v2\/types\/product"}],"replies":[{"embeddable":true,"href":"https:\/\/www.coeurdesaintfargeau.fr\/en\/wp-json\/wp\/v2\/comments?post=8472"}],"wp:featuredmedia":[{"embeddable":true,"href":"https:\/\/www.coeurdesaintfargeau.fr\/en\/wp-json\/wp\/v2\/media\/9027"}],"wp:attachment":[{"href":"https:\/\/www.coeurdesaintfargeau.fr\/en\/wp-json\/wp\/v2\/media?parent=8472"}],"wp:term":[{"taxonomy":"product_cat","embeddable":true,"href":"https:\/\/www.coeurdesaintfargeau.fr\/en\/wp-json\/wp\/v2\/product_cat?post=8472"},{"taxonomy":"product_tag","embeddable":true,"href":"https:\/\/www.coeurdesaintfargeau.fr\/en\/wp-json\/wp\/v2\/product_tag?post=8472"},{"taxonomy":"giftcard-category","embeddable":true,"href":"https:\/\/www.coeurdesaintfargeau.fr\/en\/wp-json\/wp\/v2\/giftcard-category?post=8472"}],"curies":[{"name":"wp","href":"https:\/\/api.w.org\/{rel}","templated":true}]}}