{"id":8470,"date":"2021-12-20T09:11:09","date_gmt":"2021-12-20T08:11:09","guid":{"rendered":"https:\/\/www.coeurdesaintfargeau.fr\/produit\/shopper-alma-l\/"},"modified":"2022-01-30T18:06:54","modified_gmt":"2022-01-30T17:06:54","slug":"shopper-alma-l","status":"publish","type":"product","link":"https:\/\/www.coeurdesaintfargeau.fr\/en\/produit\/shopper-alma-l\/","title":{"rendered":"Shopper &#8216;Alma&#8217; L"},"content":{"rendered":"<p>Le shopper &#8216;Alma&#8217; en taille L est le shopper parfait pour une journ\u00e9e avec son grand volume. Ce nouveau cabas de la collection Cow-Lavato est r\u00e9alis\u00e9 en cuir souple.<\/p>\n<p>Sp\u00e9cifications du produit:<br \/>\nDimensions : 33 x 50 x 12,5 cm (lxlxp) ;<br \/>\nPoids : 760 grammes ;<br \/>\nUne grande bo\u00eete ;<br \/>\nPoche int\u00e9rieure zipp\u00e9e ;<br \/>\ncabine t\u00e9l\u00e9phonique;<br \/>\nfermeture \u00e9clair;<br \/>\nPoche zipp\u00e9e \u00e0 l&#8217;arri\u00e8re;<br \/>\nUne poche ouverte sur le devant ;<br \/>\nBandouli\u00e8re amovible et r\u00e9glable;<br \/>\n\u00c9galement disponible en noir;<\/p>\n","protected":false},"excerpt":{"rendered":"<p>Ce grand cabas robuste de la collection Cow-Lavato est parfait pour les moments o\u00f9 vous voulez emporter un peu plus avec vous que d&#8217;habitude ; aussi disponible en noir !<\/p>\n<h6><em>*POUR UN SAC DE LA MARQUE BEAR DESIGN ACHET\u00c9,\u00a0 1 PORTE CL\u00c9 ASSORTI AINSI QU\u2019UN POCHON EN COTON VOUS SERONT OFFERTS.<\/em><\/h6>\n","protected":false},"featured_media":9082,"comment_status":"open","ping_status":"closed","template":"","meta":[],"product_cat":[126],"product_tag":[151],"giftcard-category":[],"class_list":{"0":"post-8470","1":"product","2":"type-product","3":"status-publish","4":"has-post-thumbnail","6":"product_cat-sac","7":"product_tag-bear-design","9":"first","10":"instock","11":"shipping-taxable","12":"purchasable","13":"product-type-variable","14":"has-default-attributes"},"yoast_head":"<!-- This site is optimized with the Yoast SEO plugin v24.0 - https:\/\/yoast.com\/wordpress\/plugins\/seo\/ -->\n<title>Shopper &#039;Alma&#039; L - Coeur de Saint Fargeau<\/title>\n<meta name=\"robots\" content=\"index, follow, max-snippet:-1, max-image-preview:large, max-video-preview:-1\" \/>\n<link rel=\"canonical\" href=\"https:\/\/www.coeurdesaintfargeau.fr\/en\/produit\/shopper-alma-l\/\" \/>\n<meta property=\"og:locale\" content=\"en_US\" \/>\n<meta property=\"og:type\" content=\"article\" \/>\n<meta property=\"og:title\" content=\"Shopper &#039;Alma&#039; L - Coeur de Saint Fargeau\" \/>\n<meta property=\"og:description\" content=\"Ce grand cabas robuste de la collection Cow-Lavato est parfait pour les moments o\u00f9 vous voulez emporter un peu plus avec vous que d&#039;habitude ; aussi disponible en noir ! *POUR UN SAC DE LA MARQUE BEAR DESIGN ACHET\u00c9,\u00a0 1 PORTE CL\u00c9 ASSORTI AINSI QU\u2019UN POCHON EN COTON VOUS SERONT OFFERTS.\" \/>\n<meta property=\"og:url\" content=\"https:\/\/www.coeurdesaintfargeau.fr\/en\/produit\/shopper-alma-l\/\" \/>\n<meta property=\"og:site_name\" content=\"Coeur de Saint Fargeau\" \/>\n<meta property=\"article:modified_time\" content=\"2022-01-30T17:06:54+00:00\" \/>\n<meta property=\"og:image\" content=\"https:\/\/www.coeurdesaintfargeau.fr\/wp-content\/uploads\/2021\/12\/bear-design-shopper-alma-l-cognac-cl-42170.jpg\" \/>\n\t<meta property=\"og:image:width\" content=\"660\" \/>\n\t<meta property=\"og:image:height\" content=\"660\" \/>\n\t<meta property=\"og:image:type\" content=\"image\/jpeg\" \/>\n<meta name=\"twitter:card\" content=\"summary_large_image\" \/>\n<script type=\"application\/ld+json\" class=\"yoast-schema-graph\">{\"@context\":\"https:\/\/schema.org\",\"@graph\":[{\"@type\":\"WebPage\",\"@id\":\"https:\/\/www.coeurdesaintfargeau.fr\/en\/produit\/shopper-alma-l\/\",\"url\":\"https:\/\/www.coeurdesaintfargeau.fr\/en\/produit\/shopper-alma-l\/\",\"name\":\"Shopper 'Alma' L - Coeur de Saint Fargeau\",\"isPartOf\":{\"@id\":\"https:\/\/www.coeurdesaintfargeau.fr\/en\/#website\"},\"primaryImageOfPage\":{\"@id\":\"https:\/\/www.coeurdesaintfargeau.fr\/en\/produit\/shopper-alma-l\/#primaryimage\"},\"image\":{\"@id\":\"https:\/\/www.coeurdesaintfargeau.fr\/en\/produit\/shopper-alma-l\/#primaryimage\"},\"thumbnailUrl\":\"https:\/\/www.coeurdesaintfargeau.fr\/wp-content\/uploads\/2021\/12\/bear-design-shopper-alma-l-cognac-cl-42170.jpg\",\"datePublished\":\"2021-12-20T08:11:09+00:00\",\"dateModified\":\"2022-01-30T17:06:54+00:00\",\"breadcrumb\":{\"@id\":\"https:\/\/www.coeurdesaintfargeau.fr\/en\/produit\/shopper-alma-l\/#breadcrumb\"},\"inLanguage\":\"en-US\",\"potentialAction\":[{\"@type\":\"ReadAction\",\"target\":[\"https:\/\/www.coeurdesaintfargeau.fr\/en\/produit\/shopper-alma-l\/\"]}]},{\"@type\":\"ImageObject\",\"inLanguage\":\"en-US\",\"@id\":\"https:\/\/www.coeurdesaintfargeau.fr\/en\/produit\/shopper-alma-l\/#primaryimage\",\"url\":\"https:\/\/www.coeurdesaintfargeau.fr\/wp-content\/uploads\/2021\/12\/bear-design-shopper-alma-l-cognac-cl-42170.jpg\",\"contentUrl\":\"https:\/\/www.coeurdesaintfargeau.fr\/wp-content\/uploads\/2021\/12\/bear-design-shopper-alma-l-cognac-cl-42170.jpg\",\"width\":660,\"height\":660},{\"@type\":\"BreadcrumbList\",\"@id\":\"https:\/\/www.coeurdesaintfargeau.fr\/en\/produit\/shopper-alma-l\/#breadcrumb\",\"itemListElement\":[{\"@type\":\"ListItem\",\"position\":1,\"name\":\"Accueil\",\"item\":\"https:\/\/www.coeurdesaintfargeau.fr\/en\/\"},{\"@type\":\"ListItem\",\"position\":2,\"name\":\"Boutique\",\"item\":\"https:\/\/www.coeurdesaintfargeau.fr\/boutique\/\"},{\"@type\":\"ListItem\",\"position\":3,\"name\":\"Shopper &#8216;Alma&#8217; L\"}]},{\"@type\":\"WebSite\",\"@id\":\"https:\/\/www.coeurdesaintfargeau.fr\/en\/#website\",\"url\":\"https:\/\/www.coeurdesaintfargeau.fr\/en\/\",\"name\":\"Coeur de Saint Fargeau\",\"description\":\"Maroquinerie et accessoires.\",\"potentialAction\":[{\"@type\":\"SearchAction\",\"target\":{\"@type\":\"EntryPoint\",\"urlTemplate\":\"https:\/\/www.coeurdesaintfargeau.fr\/en\/?s={search_term_string}\"},\"query-input\":{\"@type\":\"PropertyValueSpecification\",\"valueRequired\":true,\"valueName\":\"search_term_string\"}}],\"inLanguage\":\"en-US\"}]}<\/script>\n<!-- \/ Yoast SEO plugin. -->","yoast_head_json":{"title":"Shopper 'Alma' L - Coeur de Saint Fargeau","robots":{"index":"index","follow":"follow","max-snippet":"max-snippet:-1","max-image-preview":"max-image-preview:large","max-video-preview":"max-video-preview:-1"},"canonical":"https:\/\/www.coeurdesaintfargeau.fr\/en\/produit\/shopper-alma-l\/","og_locale":"en_US","og_type":"article","og_title":"Shopper 'Alma' L - Coeur de Saint Fargeau","og_description":"Ce grand cabas robuste de la collection Cow-Lavato est parfait pour les moments o\u00f9 vous voulez emporter un peu plus avec vous que d'habitude ; aussi disponible en noir ! *POUR UN SAC DE LA MARQUE BEAR DESIGN ACHET\u00c9,\u00a0 1 PORTE CL\u00c9 ASSORTI AINSI QU\u2019UN POCHON EN COTON VOUS SERONT OFFERTS.","og_url":"https:\/\/www.coeurdesaintfargeau.fr\/en\/produit\/shopper-alma-l\/","og_site_name":"Coeur de Saint Fargeau","article_modified_time":"2022-01-30T17:06:54+00:00","og_image":[{"width":660,"height":660,"url":"https:\/\/www.coeurdesaintfargeau.fr\/wp-content\/uploads\/2021\/12\/bear-design-shopper-alma-l-cognac-cl-42170.jpg","type":"image\/jpeg"}],"twitter_card":"summary_large_image","schema":{"@context":"https:\/\/schema.org","@graph":[{"@type":"WebPage","@id":"https:\/\/www.coeurdesaintfargeau.fr\/en\/produit\/shopper-alma-l\/","url":"https:\/\/www.coeurdesaintfargeau.fr\/en\/produit\/shopper-alma-l\/","name":"Shopper 'Alma' L - Coeur de Saint Fargeau","isPartOf":{"@id":"https:\/\/www.coeurdesaintfargeau.fr\/en\/#website"},"primaryImageOfPage":{"@id":"https:\/\/www.coeurdesaintfargeau.fr\/en\/produit\/shopper-alma-l\/#primaryimage"},"image":{"@id":"https:\/\/www.coeurdesaintfargeau.fr\/en\/produit\/shopper-alma-l\/#primaryimage"},"thumbnailUrl":"https:\/\/www.coeurdesaintfargeau.fr\/wp-content\/uploads\/2021\/12\/bear-design-shopper-alma-l-cognac-cl-42170.jpg","datePublished":"2021-12-20T08:11:09+00:00","dateModified":"2022-01-30T17:06:54+00:00","breadcrumb":{"@id":"https:\/\/www.coeurdesaintfargeau.fr\/en\/produit\/shopper-alma-l\/#breadcrumb"},"inLanguage":"en-US","potentialAction":[{"@type":"ReadAction","target":["https:\/\/www.coeurdesaintfargeau.fr\/en\/produit\/shopper-alma-l\/"]}]},{"@type":"ImageObject","inLanguage":"en-US","@id":"https:\/\/www.coeurdesaintfargeau.fr\/en\/produit\/shopper-alma-l\/#primaryimage","url":"https:\/\/www.coeurdesaintfargeau.fr\/wp-content\/uploads\/2021\/12\/bear-design-shopper-alma-l-cognac-cl-42170.jpg","contentUrl":"https:\/\/www.coeurdesaintfargeau.fr\/wp-content\/uploads\/2021\/12\/bear-design-shopper-alma-l-cognac-cl-42170.jpg","width":660,"height":660},{"@type":"BreadcrumbList","@id":"https:\/\/www.coeurdesaintfargeau.fr\/en\/produit\/shopper-alma-l\/#breadcrumb","itemListElement":[{"@type":"ListItem","position":1,"name":"Accueil","item":"https:\/\/www.coeurdesaintfargeau.fr\/en\/"},{"@type":"ListItem","position":2,"name":"Boutique","item":"https:\/\/www.coeurdesaintfargeau.fr\/boutique\/"},{"@type":"ListItem","position":3,"name":"Shopper &#8216;Alma&#8217; L"}]},{"@type":"WebSite","@id":"https:\/\/www.coeurdesaintfargeau.fr\/en\/#website","url":"https:\/\/www.coeurdesaintfargeau.fr\/en\/","name":"Coeur de Saint Fargeau","description":"Maroquinerie et accessoires.","potentialAction":[{"@type":"SearchAction","target":{"@type":"EntryPoint","urlTemplate":"https:\/\/www.coeurdesaintfargeau.fr\/en\/?s={search_term_string}"},"query-input":{"@type":"PropertyValueSpecification","valueRequired":true,"valueName":"search_term_string"}}],"inLanguage":"en-US"}]}},"_links":{"self":[{"href":"https:\/\/www.coeurdesaintfargeau.fr\/en\/wp-json\/wp\/v2\/product\/8470","targetHints":{"allow":["GET"]}}],"collection":[{"href":"https:\/\/www.coeurdesaintfargeau.fr\/en\/wp-json\/wp\/v2\/product"}],"about":[{"href":"https:\/\/www.coeurdesaintfargeau.fr\/en\/wp-json\/wp\/v2\/types\/product"}],"replies":[{"embeddable":true,"href":"https:\/\/www.coeurdesaintfargeau.fr\/en\/wp-json\/wp\/v2\/comments?post=8470"}],"wp:featuredmedia":[{"embeddable":true,"href":"https:\/\/www.coeurdesaintfargeau.fr\/en\/wp-json\/wp\/v2\/media\/9082"}],"wp:attachment":[{"href":"https:\/\/www.coeurdesaintfargeau.fr\/en\/wp-json\/wp\/v2\/media?parent=8470"}],"wp:term":[{"taxonomy":"product_cat","embeddable":true,"href":"https:\/\/www.coeurdesaintfargeau.fr\/en\/wp-json\/wp\/v2\/product_cat?post=8470"},{"taxonomy":"product_tag","embeddable":true,"href":"https:\/\/www.coeurdesaintfargeau.fr\/en\/wp-json\/wp\/v2\/product_tag?post=8470"},{"taxonomy":"giftcard-category","embeddable":true,"href":"https:\/\/www.coeurdesaintfargeau.fr\/en\/wp-json\/wp\/v2\/giftcard-category?post=8470"}],"curies":[{"name":"wp","href":"https:\/\/api.w.org\/{rel}","templated":true}]}}