{"id":8465,"date":"2021-12-20T09:11:08","date_gmt":"2021-12-20T08:11:08","guid":{"rendered":"https:\/\/www.coeurdesaintfargeau.fr\/produit\/sac-week-end-sac-de-sport-max\/"},"modified":"2022-01-30T17:29:11","modified_gmt":"2022-01-30T16:29:11","slug":"sac-week-end-sac-de-sport-max","status":"publish","type":"product","link":"https:\/\/www.coeurdesaintfargeau.fr\/en\/produit\/sac-week-end-sac-de-sport-max\/","title":{"rendered":"Sac week-end\/Sac de sport &#8216;Max&#8217;"},"content":{"rendered":"<p>Beau et spacieux sac de week-end\/sac de voyage en cuir de la collection Bear Design Cow Lavato &#8211; CL 32879 Black &#8216;Max&#8217;<\/p>\n<p>Un investissement pour une utilisation \u00e0 long terme.<\/p>\n<p>Caract\u00e9ristiques:<\/p>\n<p>Dimensions : 50 longueur, 28 largeur, 28 hauteur CM<br \/>\nPoids : 1,92 kilo<br \/>\nBandouli\u00e8re amovible et r\u00e9glable<br \/>\nPoches zipp\u00e9es spacieuses des deux c\u00f4t\u00e9s<br \/>\nPoche zipp\u00e9e au dos du sac 16 CM<br \/>\nLarge ouverture du compartiment principal avec double tirette<br \/>\nCompartiment de rangement\/compartiment pour t\u00e9l\u00e9phone dans le sac<br \/>\nCompartiment zipp\u00e9 dans le sac 25 cm<br \/>\nDisponible en marron, noir et cognac<\/p>\n","protected":false},"excerpt":{"rendered":"<p>Bear Design Lavato Collection Sac week-end CL 32879 Noir pour femme &amp; homme<\/p>\n<h6><em>*POUR UN SAC DE LA MARQUE BEAR DESIGN ACHET\u00c9,\u00a0 1 PORTE CL\u00c9 ASSORTI AINSI QU\u2019UN POCHON EN COTON VOUS SERONT OFFERTS.<\/em><\/h6>\n","protected":false},"featured_media":10512,"comment_status":"open","ping_status":"closed","template":"","meta":[],"product_cat":[136],"product_tag":[151],"giftcard-category":[],"class_list":{"0":"post-8465","1":"product","2":"type-product","3":"status-publish","4":"has-post-thumbnail","6":"product_cat-voyage","7":"product_tag-bear-design","9":"first","10":"instock","11":"shipping-taxable","12":"purchasable","13":"product-type-variable","14":"has-default-attributes"},"yoast_head":"<!-- This site is optimized with the Yoast SEO plugin v24.0 - https:\/\/yoast.com\/wordpress\/plugins\/seo\/ -->\n<title>Sac week-end\/Sac de sport &#039;Max&#039; - Coeur de Saint Fargeau<\/title>\n<meta name=\"robots\" content=\"index, follow, max-snippet:-1, max-image-preview:large, max-video-preview:-1\" \/>\n<link rel=\"canonical\" href=\"https:\/\/www.coeurdesaintfargeau.fr\/en\/produit\/sac-week-end-sac-de-sport-max\/\" \/>\n<meta property=\"og:locale\" content=\"en_US\" \/>\n<meta property=\"og:type\" content=\"article\" \/>\n<meta property=\"og:title\" content=\"Sac week-end\/Sac de sport &#039;Max&#039; - Coeur de Saint Fargeau\" \/>\n<meta property=\"og:description\" content=\"Bear Design Lavato Collection Sac week-end CL 32879 Noir pour femme &amp; homme *POUR UN SAC DE LA MARQUE BEAR DESIGN ACHET\u00c9,\u00a0 1 PORTE CL\u00c9 ASSORTI AINSI QU\u2019UN POCHON EN COTON VOUS SERONT OFFERTS.\" \/>\n<meta property=\"og:url\" content=\"https:\/\/www.coeurdesaintfargeau.fr\/en\/produit\/sac-week-end-sac-de-sport-max\/\" \/>\n<meta property=\"og:site_name\" content=\"Coeur de Saint Fargeau\" \/>\n<meta property=\"article:modified_time\" content=\"2022-01-30T16:29:11+00:00\" \/>\n<meta property=\"og:image\" content=\"https:\/\/www.coeurdesaintfargeau.fr\/wp-content\/uploads\/2021\/12\/bear-design-weekendtas-sporttas-max-cl32879-bruin-1.jpg\" \/>\n\t<meta property=\"og:image:width\" content=\"660\" \/>\n\t<meta property=\"og:image:height\" content=\"660\" \/>\n\t<meta property=\"og:image:type\" content=\"image\/jpeg\" \/>\n<meta name=\"twitter:card\" content=\"summary_large_image\" \/>\n<script type=\"application\/ld+json\" class=\"yoast-schema-graph\">{\"@context\":\"https:\/\/schema.org\",\"@graph\":[{\"@type\":\"WebPage\",\"@id\":\"https:\/\/www.coeurdesaintfargeau.fr\/en\/produit\/sac-week-end-sac-de-sport-max\/\",\"url\":\"https:\/\/www.coeurdesaintfargeau.fr\/en\/produit\/sac-week-end-sac-de-sport-max\/\",\"name\":\"Sac week-end\/Sac de sport 'Max' - Coeur de Saint Fargeau\",\"isPartOf\":{\"@id\":\"https:\/\/www.coeurdesaintfargeau.fr\/en\/#website\"},\"primaryImageOfPage\":{\"@id\":\"https:\/\/www.coeurdesaintfargeau.fr\/en\/produit\/sac-week-end-sac-de-sport-max\/#primaryimage\"},\"image\":{\"@id\":\"https:\/\/www.coeurdesaintfargeau.fr\/en\/produit\/sac-week-end-sac-de-sport-max\/#primaryimage\"},\"thumbnailUrl\":\"https:\/\/www.coeurdesaintfargeau.fr\/wp-content\/uploads\/2021\/12\/bear-design-weekendtas-sporttas-max-cl32879-bruin-1.jpg\",\"datePublished\":\"2021-12-20T08:11:08+00:00\",\"dateModified\":\"2022-01-30T16:29:11+00:00\",\"breadcrumb\":{\"@id\":\"https:\/\/www.coeurdesaintfargeau.fr\/en\/produit\/sac-week-end-sac-de-sport-max\/#breadcrumb\"},\"inLanguage\":\"en-US\",\"potentialAction\":[{\"@type\":\"ReadAction\",\"target\":[\"https:\/\/www.coeurdesaintfargeau.fr\/en\/produit\/sac-week-end-sac-de-sport-max\/\"]}]},{\"@type\":\"ImageObject\",\"inLanguage\":\"en-US\",\"@id\":\"https:\/\/www.coeurdesaintfargeau.fr\/en\/produit\/sac-week-end-sac-de-sport-max\/#primaryimage\",\"url\":\"https:\/\/www.coeurdesaintfargeau.fr\/wp-content\/uploads\/2021\/12\/bear-design-weekendtas-sporttas-max-cl32879-bruin-1.jpg\",\"contentUrl\":\"https:\/\/www.coeurdesaintfargeau.fr\/wp-content\/uploads\/2021\/12\/bear-design-weekendtas-sporttas-max-cl32879-bruin-1.jpg\",\"width\":660,\"height\":660},{\"@type\":\"BreadcrumbList\",\"@id\":\"https:\/\/www.coeurdesaintfargeau.fr\/en\/produit\/sac-week-end-sac-de-sport-max\/#breadcrumb\",\"itemListElement\":[{\"@type\":\"ListItem\",\"position\":1,\"name\":\"Accueil\",\"item\":\"https:\/\/www.coeurdesaintfargeau.fr\/en\/\"},{\"@type\":\"ListItem\",\"position\":2,\"name\":\"Boutique\",\"item\":\"https:\/\/www.coeurdesaintfargeau.fr\/boutique\/\"},{\"@type\":\"ListItem\",\"position\":3,\"name\":\"Sac week-end\/Sac de sport &#8216;Max&#8217;\"}]},{\"@type\":\"WebSite\",\"@id\":\"https:\/\/www.coeurdesaintfargeau.fr\/en\/#website\",\"url\":\"https:\/\/www.coeurdesaintfargeau.fr\/en\/\",\"name\":\"Coeur de Saint Fargeau\",\"description\":\"Maroquinerie et accessoires.\",\"potentialAction\":[{\"@type\":\"SearchAction\",\"target\":{\"@type\":\"EntryPoint\",\"urlTemplate\":\"https:\/\/www.coeurdesaintfargeau.fr\/en\/?s={search_term_string}\"},\"query-input\":{\"@type\":\"PropertyValueSpecification\",\"valueRequired\":true,\"valueName\":\"search_term_string\"}}],\"inLanguage\":\"en-US\"}]}<\/script>\n<!-- \/ Yoast SEO plugin. -->","yoast_head_json":{"title":"Sac week-end\/Sac de sport 'Max' - Coeur de Saint Fargeau","robots":{"index":"index","follow":"follow","max-snippet":"max-snippet:-1","max-image-preview":"max-image-preview:large","max-video-preview":"max-video-preview:-1"},"canonical":"https:\/\/www.coeurdesaintfargeau.fr\/en\/produit\/sac-week-end-sac-de-sport-max\/","og_locale":"en_US","og_type":"article","og_title":"Sac week-end\/Sac de sport 'Max' - Coeur de Saint Fargeau","og_description":"Bear Design Lavato Collection Sac week-end CL 32879 Noir pour femme &amp; homme *POUR UN SAC DE LA MARQUE BEAR DESIGN ACHET\u00c9,\u00a0 1 PORTE CL\u00c9 ASSORTI AINSI QU\u2019UN POCHON EN COTON VOUS SERONT OFFERTS.","og_url":"https:\/\/www.coeurdesaintfargeau.fr\/en\/produit\/sac-week-end-sac-de-sport-max\/","og_site_name":"Coeur de Saint Fargeau","article_modified_time":"2022-01-30T16:29:11+00:00","og_image":[{"width":660,"height":660,"url":"https:\/\/www.coeurdesaintfargeau.fr\/wp-content\/uploads\/2021\/12\/bear-design-weekendtas-sporttas-max-cl32879-bruin-1.jpg","type":"image\/jpeg"}],"twitter_card":"summary_large_image","schema":{"@context":"https:\/\/schema.org","@graph":[{"@type":"WebPage","@id":"https:\/\/www.coeurdesaintfargeau.fr\/en\/produit\/sac-week-end-sac-de-sport-max\/","url":"https:\/\/www.coeurdesaintfargeau.fr\/en\/produit\/sac-week-end-sac-de-sport-max\/","name":"Sac week-end\/Sac de sport 'Max' - Coeur de Saint Fargeau","isPartOf":{"@id":"https:\/\/www.coeurdesaintfargeau.fr\/en\/#website"},"primaryImageOfPage":{"@id":"https:\/\/www.coeurdesaintfargeau.fr\/en\/produit\/sac-week-end-sac-de-sport-max\/#primaryimage"},"image":{"@id":"https:\/\/www.coeurdesaintfargeau.fr\/en\/produit\/sac-week-end-sac-de-sport-max\/#primaryimage"},"thumbnailUrl":"https:\/\/www.coeurdesaintfargeau.fr\/wp-content\/uploads\/2021\/12\/bear-design-weekendtas-sporttas-max-cl32879-bruin-1.jpg","datePublished":"2021-12-20T08:11:08+00:00","dateModified":"2022-01-30T16:29:11+00:00","breadcrumb":{"@id":"https:\/\/www.coeurdesaintfargeau.fr\/en\/produit\/sac-week-end-sac-de-sport-max\/#breadcrumb"},"inLanguage":"en-US","potentialAction":[{"@type":"ReadAction","target":["https:\/\/www.coeurdesaintfargeau.fr\/en\/produit\/sac-week-end-sac-de-sport-max\/"]}]},{"@type":"ImageObject","inLanguage":"en-US","@id":"https:\/\/www.coeurdesaintfargeau.fr\/en\/produit\/sac-week-end-sac-de-sport-max\/#primaryimage","url":"https:\/\/www.coeurdesaintfargeau.fr\/wp-content\/uploads\/2021\/12\/bear-design-weekendtas-sporttas-max-cl32879-bruin-1.jpg","contentUrl":"https:\/\/www.coeurdesaintfargeau.fr\/wp-content\/uploads\/2021\/12\/bear-design-weekendtas-sporttas-max-cl32879-bruin-1.jpg","width":660,"height":660},{"@type":"BreadcrumbList","@id":"https:\/\/www.coeurdesaintfargeau.fr\/en\/produit\/sac-week-end-sac-de-sport-max\/#breadcrumb","itemListElement":[{"@type":"ListItem","position":1,"name":"Accueil","item":"https:\/\/www.coeurdesaintfargeau.fr\/en\/"},{"@type":"ListItem","position":2,"name":"Boutique","item":"https:\/\/www.coeurdesaintfargeau.fr\/boutique\/"},{"@type":"ListItem","position":3,"name":"Sac week-end\/Sac de sport &#8216;Max&#8217;"}]},{"@type":"WebSite","@id":"https:\/\/www.coeurdesaintfargeau.fr\/en\/#website","url":"https:\/\/www.coeurdesaintfargeau.fr\/en\/","name":"Coeur de Saint Fargeau","description":"Maroquinerie et accessoires.","potentialAction":[{"@type":"SearchAction","target":{"@type":"EntryPoint","urlTemplate":"https:\/\/www.coeurdesaintfargeau.fr\/en\/?s={search_term_string}"},"query-input":{"@type":"PropertyValueSpecification","valueRequired":true,"valueName":"search_term_string"}}],"inLanguage":"en-US"}]}},"_links":{"self":[{"href":"https:\/\/www.coeurdesaintfargeau.fr\/en\/wp-json\/wp\/v2\/product\/8465","targetHints":{"allow":["GET"]}}],"collection":[{"href":"https:\/\/www.coeurdesaintfargeau.fr\/en\/wp-json\/wp\/v2\/product"}],"about":[{"href":"https:\/\/www.coeurdesaintfargeau.fr\/en\/wp-json\/wp\/v2\/types\/product"}],"replies":[{"embeddable":true,"href":"https:\/\/www.coeurdesaintfargeau.fr\/en\/wp-json\/wp\/v2\/comments?post=8465"}],"wp:featuredmedia":[{"embeddable":true,"href":"https:\/\/www.coeurdesaintfargeau.fr\/en\/wp-json\/wp\/v2\/media\/10512"}],"wp:attachment":[{"href":"https:\/\/www.coeurdesaintfargeau.fr\/en\/wp-json\/wp\/v2\/media?parent=8465"}],"wp:term":[{"taxonomy":"product_cat","embeddable":true,"href":"https:\/\/www.coeurdesaintfargeau.fr\/en\/wp-json\/wp\/v2\/product_cat?post=8465"},{"taxonomy":"product_tag","embeddable":true,"href":"https:\/\/www.coeurdesaintfargeau.fr\/en\/wp-json\/wp\/v2\/product_tag?post=8465"},{"taxonomy":"giftcard-category","embeddable":true,"href":"https:\/\/www.coeurdesaintfargeau.fr\/en\/wp-json\/wp\/v2\/giftcard-category?post=8465"}],"curies":[{"name":"wp","href":"https:\/\/api.w.org\/{rel}","templated":true}]}}