{"id":14998,"date":"2024-01-22T15:13:24","date_gmt":"2024-01-22T14:13:24","guid":{"rendered":"https:\/\/www.coeurdesaintfargeau.fr\/?post_type=product&#038;p=14998"},"modified":"2024-01-22T15:13:25","modified_gmt":"2024-01-22T14:13:25","slug":"sac-porte-main-jasmijn","status":"publish","type":"product","link":"https:\/\/www.coeurdesaintfargeau.fr\/en\/produit\/sac-porte-main-jasmijn\/","title":{"rendered":"Sac Port\u00e9 main &#8220;Jasmijn&#8221;"},"content":{"rendered":"<p>&#8220;Jasmijn&#8217; est \u00e0 la fois un sac port\u00e9 main et un sac \u00e0 bandouli\u00e8re.<\/p>\n<p>disponible en 2 formats : M &amp; L.<\/p>\n<p>Caract\u00e9ristiques du produit M<br \/>\nDimensions : H20 x L29 x P9,5 cm\u00a0 ;<br \/>\nPoids : 430 grammes ;<br \/>\nLe compartiment principal peut \u00eatre ferm\u00e9 avec une fermeture \u00e9clair ;<br \/>\n-1 compartiment de rangement et 1 poche zipp\u00e9e dans le sac ;<br \/>\nAvec bandouli\u00e8re amovible et r\u00e9glable d&#8217;environ 135 cm.<\/p>\n","protected":false},"excerpt":{"rendered":"<p>Sac \u00e0 main\/\u00e9paule de la Collection Milano Justo<\/p>\n<h6><em>*POUR UN SAC DE LA MARQUE BEAR DESIGN ACHET\u00c9,\u00a0 \u2019UN POCHON EN COTON VOUS SERA OFFERT.<\/em><\/h6>\n","protected":false},"featured_media":15003,"comment_status":"open","ping_status":"closed","template":"","meta":[],"product_cat":[125,361,134,126],"product_tag":[151],"giftcard-category":[],"class_list":{"0":"post-14998","1":"product","2":"type-product","3":"status-publish","4":"has-post-thumbnail","6":"product_cat-femme","7":"product_cat-porte-main","8":"product_cat-porte-travers","9":"product_cat-sac","10":"product_tag-bear-design","12":"first","13":"instock","14":"shipping-taxable","15":"purchasable","16":"product-type-variable"},"yoast_head":"<!-- This site is optimized with the Yoast SEO plugin v24.0 - https:\/\/yoast.com\/wordpress\/plugins\/seo\/ -->\n<title>Sac Port\u00e9 main &quot;Jasmijn&quot; - Coeur de Saint Fargeau %<\/title>\n<meta name=\"robots\" content=\"index, follow, max-snippet:-1, max-image-preview:large, max-video-preview:-1\" \/>\n<link rel=\"canonical\" href=\"https:\/\/www.coeurdesaintfargeau.fr\/en\/produit\/sac-porte-main-jasmijn\/\" \/>\n<meta property=\"og:locale\" content=\"en_US\" \/>\n<meta property=\"og:type\" content=\"article\" \/>\n<meta property=\"og:title\" content=\"Sac Port\u00e9 main &quot;Jasmijn&quot; - Coeur de Saint Fargeau %\" \/>\n<meta property=\"og:description\" content=\"Sac \u00e0 main\/\u00e9paule de la Collection Milano Justo *POUR UN SAC DE LA MARQUE BEAR DESIGN ACHET\u00c9,\u00a0 \u2019UN POCHON EN COTON VOUS SERA OFFERT.\" \/>\n<meta property=\"og:url\" content=\"https:\/\/www.coeurdesaintfargeau.fr\/en\/produit\/sac-porte-main-jasmijn\/\" \/>\n<meta property=\"og:site_name\" content=\"Coeur de Saint Fargeau\" \/>\n<meta property=\"article:modified_time\" content=\"2024-01-22T14:13:25+00:00\" \/>\n<meta property=\"og:image\" content=\"https:\/\/www.coeurdesaintfargeau.fr\/wp-content\/uploads\/2024\/01\/3.png\" \/>\n\t<meta property=\"og:image:width\" content=\"485\" \/>\n\t<meta property=\"og:image:height\" content=\"481\" \/>\n\t<meta property=\"og:image:type\" content=\"image\/png\" \/>\n<meta name=\"twitter:card\" content=\"summary_large_image\" \/>\n<script type=\"application\/ld+json\" class=\"yoast-schema-graph\">{\"@context\":\"https:\/\/schema.org\",\"@graph\":[{\"@type\":\"WebPage\",\"@id\":\"https:\/\/www.coeurdesaintfargeau.fr\/en\/produit\/sac-porte-main-jasmijn\/\",\"url\":\"https:\/\/www.coeurdesaintfargeau.fr\/en\/produit\/sac-porte-main-jasmijn\/\",\"name\":\"Sac Port\u00e9 main \\\"Jasmijn\\\" - Coeur de Saint Fargeau %\",\"isPartOf\":{\"@id\":\"https:\/\/www.coeurdesaintfargeau.fr\/en\/#website\"},\"primaryImageOfPage\":{\"@id\":\"https:\/\/www.coeurdesaintfargeau.fr\/en\/produit\/sac-porte-main-jasmijn\/#primaryimage\"},\"image\":{\"@id\":\"https:\/\/www.coeurdesaintfargeau.fr\/en\/produit\/sac-porte-main-jasmijn\/#primaryimage\"},\"thumbnailUrl\":\"https:\/\/www.coeurdesaintfargeau.fr\/wp-content\/uploads\/2024\/01\/3.png\",\"datePublished\":\"2024-01-22T14:13:24+00:00\",\"dateModified\":\"2024-01-22T14:13:25+00:00\",\"breadcrumb\":{\"@id\":\"https:\/\/www.coeurdesaintfargeau.fr\/en\/produit\/sac-porte-main-jasmijn\/#breadcrumb\"},\"inLanguage\":\"en-US\",\"potentialAction\":[{\"@type\":\"ReadAction\",\"target\":[\"https:\/\/www.coeurdesaintfargeau.fr\/en\/produit\/sac-porte-main-jasmijn\/\"]}]},{\"@type\":\"ImageObject\",\"inLanguage\":\"en-US\",\"@id\":\"https:\/\/www.coeurdesaintfargeau.fr\/en\/produit\/sac-porte-main-jasmijn\/#primaryimage\",\"url\":\"https:\/\/www.coeurdesaintfargeau.fr\/wp-content\/uploads\/2024\/01\/3.png\",\"contentUrl\":\"https:\/\/www.coeurdesaintfargeau.fr\/wp-content\/uploads\/2024\/01\/3.png\",\"width\":485,\"height\":481},{\"@type\":\"BreadcrumbList\",\"@id\":\"https:\/\/www.coeurdesaintfargeau.fr\/en\/produit\/sac-porte-main-jasmijn\/#breadcrumb\",\"itemListElement\":[{\"@type\":\"ListItem\",\"position\":1,\"name\":\"Accueil\",\"item\":\"https:\/\/www.coeurdesaintfargeau.fr\/en\/\"},{\"@type\":\"ListItem\",\"position\":2,\"name\":\"Boutique\",\"item\":\"https:\/\/www.coeurdesaintfargeau.fr\/boutique\/\"},{\"@type\":\"ListItem\",\"position\":3,\"name\":\"Sac Port\u00e9 main &#8220;Jasmijn&#8221;\"}]},{\"@type\":\"WebSite\",\"@id\":\"https:\/\/www.coeurdesaintfargeau.fr\/en\/#website\",\"url\":\"https:\/\/www.coeurdesaintfargeau.fr\/en\/\",\"name\":\"Coeur de Saint Fargeau\",\"description\":\"Maroquinerie et accessoires.\",\"potentialAction\":[{\"@type\":\"SearchAction\",\"target\":{\"@type\":\"EntryPoint\",\"urlTemplate\":\"https:\/\/www.coeurdesaintfargeau.fr\/en\/?s={search_term_string}\"},\"query-input\":{\"@type\":\"PropertyValueSpecification\",\"valueRequired\":true,\"valueName\":\"search_term_string\"}}],\"inLanguage\":\"en-US\"}]}<\/script>\n<!-- \/ Yoast SEO plugin. -->","yoast_head_json":{"title":"Sac Port\u00e9 main \"Jasmijn\" - Coeur de Saint Fargeau %","robots":{"index":"index","follow":"follow","max-snippet":"max-snippet:-1","max-image-preview":"max-image-preview:large","max-video-preview":"max-video-preview:-1"},"canonical":"https:\/\/www.coeurdesaintfargeau.fr\/en\/produit\/sac-porte-main-jasmijn\/","og_locale":"en_US","og_type":"article","og_title":"Sac Port\u00e9 main \"Jasmijn\" - Coeur de Saint Fargeau %","og_description":"Sac \u00e0 main\/\u00e9paule de la Collection Milano Justo *POUR UN SAC DE LA MARQUE BEAR DESIGN ACHET\u00c9,\u00a0 \u2019UN POCHON EN COTON VOUS SERA OFFERT.","og_url":"https:\/\/www.coeurdesaintfargeau.fr\/en\/produit\/sac-porte-main-jasmijn\/","og_site_name":"Coeur de Saint Fargeau","article_modified_time":"2024-01-22T14:13:25+00:00","og_image":[{"width":485,"height":481,"url":"https:\/\/www.coeurdesaintfargeau.fr\/wp-content\/uploads\/2024\/01\/3.png","type":"image\/png"}],"twitter_card":"summary_large_image","schema":{"@context":"https:\/\/schema.org","@graph":[{"@type":"WebPage","@id":"https:\/\/www.coeurdesaintfargeau.fr\/en\/produit\/sac-porte-main-jasmijn\/","url":"https:\/\/www.coeurdesaintfargeau.fr\/en\/produit\/sac-porte-main-jasmijn\/","name":"Sac Port\u00e9 main \"Jasmijn\" - Coeur de Saint Fargeau %","isPartOf":{"@id":"https:\/\/www.coeurdesaintfargeau.fr\/en\/#website"},"primaryImageOfPage":{"@id":"https:\/\/www.coeurdesaintfargeau.fr\/en\/produit\/sac-porte-main-jasmijn\/#primaryimage"},"image":{"@id":"https:\/\/www.coeurdesaintfargeau.fr\/en\/produit\/sac-porte-main-jasmijn\/#primaryimage"},"thumbnailUrl":"https:\/\/www.coeurdesaintfargeau.fr\/wp-content\/uploads\/2024\/01\/3.png","datePublished":"2024-01-22T14:13:24+00:00","dateModified":"2024-01-22T14:13:25+00:00","breadcrumb":{"@id":"https:\/\/www.coeurdesaintfargeau.fr\/en\/produit\/sac-porte-main-jasmijn\/#breadcrumb"},"inLanguage":"en-US","potentialAction":[{"@type":"ReadAction","target":["https:\/\/www.coeurdesaintfargeau.fr\/en\/produit\/sac-porte-main-jasmijn\/"]}]},{"@type":"ImageObject","inLanguage":"en-US","@id":"https:\/\/www.coeurdesaintfargeau.fr\/en\/produit\/sac-porte-main-jasmijn\/#primaryimage","url":"https:\/\/www.coeurdesaintfargeau.fr\/wp-content\/uploads\/2024\/01\/3.png","contentUrl":"https:\/\/www.coeurdesaintfargeau.fr\/wp-content\/uploads\/2024\/01\/3.png","width":485,"height":481},{"@type":"BreadcrumbList","@id":"https:\/\/www.coeurdesaintfargeau.fr\/en\/produit\/sac-porte-main-jasmijn\/#breadcrumb","itemListElement":[{"@type":"ListItem","position":1,"name":"Accueil","item":"https:\/\/www.coeurdesaintfargeau.fr\/en\/"},{"@type":"ListItem","position":2,"name":"Boutique","item":"https:\/\/www.coeurdesaintfargeau.fr\/boutique\/"},{"@type":"ListItem","position":3,"name":"Sac Port\u00e9 main &#8220;Jasmijn&#8221;"}]},{"@type":"WebSite","@id":"https:\/\/www.coeurdesaintfargeau.fr\/en\/#website","url":"https:\/\/www.coeurdesaintfargeau.fr\/en\/","name":"Coeur de Saint Fargeau","description":"Maroquinerie et accessoires.","potentialAction":[{"@type":"SearchAction","target":{"@type":"EntryPoint","urlTemplate":"https:\/\/www.coeurdesaintfargeau.fr\/en\/?s={search_term_string}"},"query-input":{"@type":"PropertyValueSpecification","valueRequired":true,"valueName":"search_term_string"}}],"inLanguage":"en-US"}]}},"_links":{"self":[{"href":"https:\/\/www.coeurdesaintfargeau.fr\/en\/wp-json\/wp\/v2\/product\/14998","targetHints":{"allow":["GET"]}}],"collection":[{"href":"https:\/\/www.coeurdesaintfargeau.fr\/en\/wp-json\/wp\/v2\/product"}],"about":[{"href":"https:\/\/www.coeurdesaintfargeau.fr\/en\/wp-json\/wp\/v2\/types\/product"}],"replies":[{"embeddable":true,"href":"https:\/\/www.coeurdesaintfargeau.fr\/en\/wp-json\/wp\/v2\/comments?post=14998"}],"wp:featuredmedia":[{"embeddable":true,"href":"https:\/\/www.coeurdesaintfargeau.fr\/en\/wp-json\/wp\/v2\/media\/15003"}],"wp:attachment":[{"href":"https:\/\/www.coeurdesaintfargeau.fr\/en\/wp-json\/wp\/v2\/media?parent=14998"}],"wp:term":[{"taxonomy":"product_cat","embeddable":true,"href":"https:\/\/www.coeurdesaintfargeau.fr\/en\/wp-json\/wp\/v2\/product_cat?post=14998"},{"taxonomy":"product_tag","embeddable":true,"href":"https:\/\/www.coeurdesaintfargeau.fr\/en\/wp-json\/wp\/v2\/product_tag?post=14998"},{"taxonomy":"giftcard-category","embeddable":true,"href":"https:\/\/www.coeurdesaintfargeau.fr\/en\/wp-json\/wp\/v2\/giftcard-category?post=14998"}],"curies":[{"name":"wp","href":"https:\/\/api.w.org\/{rel}","templated":true}]}}