{"id":14933,"date":"2022-05-13T11:23:05","date_gmt":"2022-05-13T09:23:05","guid":{"rendered":"https:\/\/www.coeurdesaintfargeau.fr\/?post_type=product&#038;p=14933"},"modified":"2022-06-03T16:53:05","modified_gmt":"2022-06-03T14:53:05","slug":"sac-bandouliere-maithe","status":"publish","type":"product","link":"https:\/\/www.coeurdesaintfargeau.fr\/en\/produit\/sac-bandouliere-maithe\/","title":{"rendered":"Sac bandouli\u00e8re &#8216;Maithe&#8217;"},"content":{"rendered":"<h5 class=\"s28 m10\">Description du produit<\/h5>\n<p>Petit sac \u00e0 bandouli\u00e8re est en cuir souple , pratique et compact que vous pourrez emporter en balade, en soir\u00e9e ou en journ\u00e9e.<\/p>\n<h2>Sp\u00e9cifications du produit:<\/h2>\n<ul>\n<li>Dimensions : 13 x 21 x 3 cm (HxLxP) ;<\/li>\n<li>compartiment principal avec fermeture \u00e9clair :\n<ul>\n<li>S\u00e9paration<\/li>\n<li>poche de point<\/li>\n<li>poche zipp\u00e9e<\/li>\n<\/ul>\n<\/li>\n<li>Poche zipp\u00e9e \u00e0 l&#8217;avant et \u00e0 l&#8217;arri\u00e8re ;<\/li>\n<li>Bandouli\u00e8re r\u00e9glable;<\/li>\n<\/ul>\n","protected":false},"excerpt":{"rendered":"<p>Description du produit Petit sac \u00e0 bandouli\u00e8re est en cuir souple , pratique et compact que vous pourrez emporter en balade, en soir\u00e9e ou en journ\u00e9e. Sp\u00e9cifications du produit: Dimensions : 13 x 21 x 3 cm (HxLxP) ; compartiment [&hellip;]<\/p>\n","protected":false},"featured_media":14934,"comment_status":"open","ping_status":"closed","template":"","meta":[],"product_cat":[125,133,187],"product_tag":[151],"giftcard-category":[],"class_list":{"0":"post-14933","1":"product","2":"type-product","3":"status-publish","4":"has-post-thumbnail","6":"product_cat-femme","7":"product_cat-pochette-multifonction","8":"product_cat-sac-bandouilliere","9":"product_tag-bear-design","11":"first","12":"instock","13":"shipping-taxable","14":"purchasable","15":"product-type-variable"},"yoast_head":"<!-- This site is optimized with the Yoast SEO plugin v24.0 - https:\/\/yoast.com\/wordpress\/plugins\/seo\/ -->\n<title>Sac bandouli\u00e8re &#039;Maithe&#039; - Coeur de Saint Fargeau<\/title>\n<meta name=\"description\" content=\"Petit sac \u00e0 bandouli\u00e8re est en cuir souple , pratique et compact que vous pourrez emporter en balade, en soir\u00e9e ou en journ\u00e9e.\u00a0\" \/>\n<meta name=\"robots\" content=\"index, follow, max-snippet:-1, max-image-preview:large, max-video-preview:-1\" \/>\n<link rel=\"canonical\" href=\"https:\/\/www.coeurdesaintfargeau.fr\/en\/produit\/sac-bandouliere-maithe\/\" \/>\n<meta property=\"og:locale\" content=\"en_US\" \/>\n<meta property=\"og:type\" content=\"article\" \/>\n<meta property=\"og:title\" content=\"Sac bandouli\u00e8re &#039;Maithe&#039; - Coeur de Saint Fargeau\" \/>\n<meta property=\"og:description\" content=\"Petit sac \u00e0 bandouli\u00e8re est en cuir souple , pratique et compact que vous pourrez emporter en balade, en soir\u00e9e ou en journ\u00e9e.\u00a0\" \/>\n<meta property=\"og:url\" content=\"https:\/\/www.coeurdesaintfargeau.fr\/en\/produit\/sac-bandouliere-maithe\/\" \/>\n<meta property=\"og:site_name\" content=\"Coeur de Saint Fargeau\" \/>\n<meta property=\"article:modified_time\" content=\"2022-06-03T14:53:05+00:00\" \/>\n<meta property=\"og:image\" content=\"https:\/\/www.coeurdesaintfargeau.fr\/wp-content\/uploads\/2022\/05\/1.jpeg\" \/>\n\t<meta property=\"og:image:width\" content=\"660\" \/>\n\t<meta property=\"og:image:height\" content=\"660\" \/>\n\t<meta property=\"og:image:type\" content=\"image\/jpeg\" \/>\n<meta name=\"twitter:card\" content=\"summary_large_image\" \/>\n<meta name=\"twitter:label1\" content=\"Est. reading time\" \/>\n\t<meta name=\"twitter:data1\" content=\"1 minute\" \/>\n<script type=\"application\/ld+json\" class=\"yoast-schema-graph\">{\"@context\":\"https:\/\/schema.org\",\"@graph\":[{\"@type\":\"WebPage\",\"@id\":\"https:\/\/www.coeurdesaintfargeau.fr\/en\/produit\/sac-bandouliere-maithe\/\",\"url\":\"https:\/\/www.coeurdesaintfargeau.fr\/en\/produit\/sac-bandouliere-maithe\/\",\"name\":\"Sac bandouli\u00e8re 'Maithe' - Coeur de Saint Fargeau\",\"isPartOf\":{\"@id\":\"https:\/\/www.coeurdesaintfargeau.fr\/en\/#website\"},\"primaryImageOfPage\":{\"@id\":\"https:\/\/www.coeurdesaintfargeau.fr\/en\/produit\/sac-bandouliere-maithe\/#primaryimage\"},\"image\":{\"@id\":\"https:\/\/www.coeurdesaintfargeau.fr\/en\/produit\/sac-bandouliere-maithe\/#primaryimage\"},\"thumbnailUrl\":\"https:\/\/www.coeurdesaintfargeau.fr\/wp-content\/uploads\/2022\/05\/1.jpeg\",\"datePublished\":\"2022-05-13T09:23:05+00:00\",\"dateModified\":\"2022-06-03T14:53:05+00:00\",\"description\":\"Petit sac \u00e0 bandouli\u00e8re est en cuir souple , pratique et compact que vous pourrez emporter en balade, en soir\u00e9e ou en journ\u00e9e.\u00a0\",\"breadcrumb\":{\"@id\":\"https:\/\/www.coeurdesaintfargeau.fr\/en\/produit\/sac-bandouliere-maithe\/#breadcrumb\"},\"inLanguage\":\"en-US\",\"potentialAction\":[{\"@type\":\"ReadAction\",\"target\":[\"https:\/\/www.coeurdesaintfargeau.fr\/en\/produit\/sac-bandouliere-maithe\/\"]}]},{\"@type\":\"ImageObject\",\"inLanguage\":\"en-US\",\"@id\":\"https:\/\/www.coeurdesaintfargeau.fr\/en\/produit\/sac-bandouliere-maithe\/#primaryimage\",\"url\":\"https:\/\/www.coeurdesaintfargeau.fr\/wp-content\/uploads\/2022\/05\/1.jpeg\",\"contentUrl\":\"https:\/\/www.coeurdesaintfargeau.fr\/wp-content\/uploads\/2022\/05\/1.jpeg\",\"width\":660,\"height\":660},{\"@type\":\"BreadcrumbList\",\"@id\":\"https:\/\/www.coeurdesaintfargeau.fr\/en\/produit\/sac-bandouliere-maithe\/#breadcrumb\",\"itemListElement\":[{\"@type\":\"ListItem\",\"position\":1,\"name\":\"Accueil\",\"item\":\"https:\/\/www.coeurdesaintfargeau.fr\/en\/\"},{\"@type\":\"ListItem\",\"position\":2,\"name\":\"Boutique\",\"item\":\"https:\/\/www.coeurdesaintfargeau.fr\/boutique\/\"},{\"@type\":\"ListItem\",\"position\":3,\"name\":\"Sac bandouli\u00e8re &#8216;Maithe&#8217;\"}]},{\"@type\":\"WebSite\",\"@id\":\"https:\/\/www.coeurdesaintfargeau.fr\/en\/#website\",\"url\":\"https:\/\/www.coeurdesaintfargeau.fr\/en\/\",\"name\":\"Coeur de Saint Fargeau\",\"description\":\"Maroquinerie et accessoires.\",\"potentialAction\":[{\"@type\":\"SearchAction\",\"target\":{\"@type\":\"EntryPoint\",\"urlTemplate\":\"https:\/\/www.coeurdesaintfargeau.fr\/en\/?s={search_term_string}\"},\"query-input\":{\"@type\":\"PropertyValueSpecification\",\"valueRequired\":true,\"valueName\":\"search_term_string\"}}],\"inLanguage\":\"en-US\"}]}<\/script>\n<!-- \/ Yoast SEO plugin. -->","yoast_head_json":{"title":"Sac bandouli\u00e8re 'Maithe' - Coeur de Saint Fargeau","description":"Petit sac \u00e0 bandouli\u00e8re est en cuir souple , pratique et compact que vous pourrez emporter en balade, en soir\u00e9e ou en journ\u00e9e.\u00a0","robots":{"index":"index","follow":"follow","max-snippet":"max-snippet:-1","max-image-preview":"max-image-preview:large","max-video-preview":"max-video-preview:-1"},"canonical":"https:\/\/www.coeurdesaintfargeau.fr\/en\/produit\/sac-bandouliere-maithe\/","og_locale":"en_US","og_type":"article","og_title":"Sac bandouli\u00e8re 'Maithe' - Coeur de Saint Fargeau","og_description":"Petit sac \u00e0 bandouli\u00e8re est en cuir souple , pratique et compact que vous pourrez emporter en balade, en soir\u00e9e ou en journ\u00e9e.\u00a0","og_url":"https:\/\/www.coeurdesaintfargeau.fr\/en\/produit\/sac-bandouliere-maithe\/","og_site_name":"Coeur de Saint Fargeau","article_modified_time":"2022-06-03T14:53:05+00:00","og_image":[{"width":660,"height":660,"url":"https:\/\/www.coeurdesaintfargeau.fr\/wp-content\/uploads\/2022\/05\/1.jpeg","type":"image\/jpeg"}],"twitter_card":"summary_large_image","twitter_misc":{"Est. reading time":"1 minute"},"schema":{"@context":"https:\/\/schema.org","@graph":[{"@type":"WebPage","@id":"https:\/\/www.coeurdesaintfargeau.fr\/en\/produit\/sac-bandouliere-maithe\/","url":"https:\/\/www.coeurdesaintfargeau.fr\/en\/produit\/sac-bandouliere-maithe\/","name":"Sac bandouli\u00e8re 'Maithe' - Coeur de Saint Fargeau","isPartOf":{"@id":"https:\/\/www.coeurdesaintfargeau.fr\/en\/#website"},"primaryImageOfPage":{"@id":"https:\/\/www.coeurdesaintfargeau.fr\/en\/produit\/sac-bandouliere-maithe\/#primaryimage"},"image":{"@id":"https:\/\/www.coeurdesaintfargeau.fr\/en\/produit\/sac-bandouliere-maithe\/#primaryimage"},"thumbnailUrl":"https:\/\/www.coeurdesaintfargeau.fr\/wp-content\/uploads\/2022\/05\/1.jpeg","datePublished":"2022-05-13T09:23:05+00:00","dateModified":"2022-06-03T14:53:05+00:00","description":"Petit sac \u00e0 bandouli\u00e8re est en cuir souple , pratique et compact que vous pourrez emporter en balade, en soir\u00e9e ou en journ\u00e9e.\u00a0","breadcrumb":{"@id":"https:\/\/www.coeurdesaintfargeau.fr\/en\/produit\/sac-bandouliere-maithe\/#breadcrumb"},"inLanguage":"en-US","potentialAction":[{"@type":"ReadAction","target":["https:\/\/www.coeurdesaintfargeau.fr\/en\/produit\/sac-bandouliere-maithe\/"]}]},{"@type":"ImageObject","inLanguage":"en-US","@id":"https:\/\/www.coeurdesaintfargeau.fr\/en\/produit\/sac-bandouliere-maithe\/#primaryimage","url":"https:\/\/www.coeurdesaintfargeau.fr\/wp-content\/uploads\/2022\/05\/1.jpeg","contentUrl":"https:\/\/www.coeurdesaintfargeau.fr\/wp-content\/uploads\/2022\/05\/1.jpeg","width":660,"height":660},{"@type":"BreadcrumbList","@id":"https:\/\/www.coeurdesaintfargeau.fr\/en\/produit\/sac-bandouliere-maithe\/#breadcrumb","itemListElement":[{"@type":"ListItem","position":1,"name":"Accueil","item":"https:\/\/www.coeurdesaintfargeau.fr\/en\/"},{"@type":"ListItem","position":2,"name":"Boutique","item":"https:\/\/www.coeurdesaintfargeau.fr\/boutique\/"},{"@type":"ListItem","position":3,"name":"Sac bandouli\u00e8re &#8216;Maithe&#8217;"}]},{"@type":"WebSite","@id":"https:\/\/www.coeurdesaintfargeau.fr\/en\/#website","url":"https:\/\/www.coeurdesaintfargeau.fr\/en\/","name":"Coeur de Saint Fargeau","description":"Maroquinerie et accessoires.","potentialAction":[{"@type":"SearchAction","target":{"@type":"EntryPoint","urlTemplate":"https:\/\/www.coeurdesaintfargeau.fr\/en\/?s={search_term_string}"},"query-input":{"@type":"PropertyValueSpecification","valueRequired":true,"valueName":"search_term_string"}}],"inLanguage":"en-US"}]}},"_links":{"self":[{"href":"https:\/\/www.coeurdesaintfargeau.fr\/en\/wp-json\/wp\/v2\/product\/14933","targetHints":{"allow":["GET"]}}],"collection":[{"href":"https:\/\/www.coeurdesaintfargeau.fr\/en\/wp-json\/wp\/v2\/product"}],"about":[{"href":"https:\/\/www.coeurdesaintfargeau.fr\/en\/wp-json\/wp\/v2\/types\/product"}],"replies":[{"embeddable":true,"href":"https:\/\/www.coeurdesaintfargeau.fr\/en\/wp-json\/wp\/v2\/comments?post=14933"}],"wp:featuredmedia":[{"embeddable":true,"href":"https:\/\/www.coeurdesaintfargeau.fr\/en\/wp-json\/wp\/v2\/media\/14934"}],"wp:attachment":[{"href":"https:\/\/www.coeurdesaintfargeau.fr\/en\/wp-json\/wp\/v2\/media?parent=14933"}],"wp:term":[{"taxonomy":"product_cat","embeddable":true,"href":"https:\/\/www.coeurdesaintfargeau.fr\/en\/wp-json\/wp\/v2\/product_cat?post=14933"},{"taxonomy":"product_tag","embeddable":true,"href":"https:\/\/www.coeurdesaintfargeau.fr\/en\/wp-json\/wp\/v2\/product_tag?post=14933"},{"taxonomy":"giftcard-category","embeddable":true,"href":"https:\/\/www.coeurdesaintfargeau.fr\/en\/wp-json\/wp\/v2\/giftcard-category?post=14933"}],"curies":[{"name":"wp","href":"https:\/\/api.w.org\/{rel}","templated":true}]}}