{"id":14728,"date":"2022-04-16T17:10:52","date_gmt":"2022-04-16T15:10:52","guid":{"rendered":"https:\/\/www.coeurdesaintfargeau.fr\/?post_type=product&#038;p=14728"},"modified":"2022-04-16T17:10:53","modified_gmt":"2022-04-16T15:10:53","slug":"sac-bandouliere-robbie-porte-telephone","status":"publish","type":"product","link":"https:\/\/www.coeurdesaintfargeau.fr\/en\/produit\/sac-bandouliere-robbie-porte-telephone\/","title":{"rendered":"Sac bandouli\u00e8re &#8216;Robbie&#8217; Porte t\u00e9l\u00e9phone"},"content":{"rendered":"<p>Le petit sac \u00e0 bandouli\u00e8re &#8216;Robbie&#8217; est un sac en cuir fin et robuste de la collection Calisto-Pelle de Bear Design.<\/p>\n<p>Ce sac est fait pour tout le monde et disponible en diff\u00e9rentes couleurs !<\/p>\n<div class=\"cols-d m70 product-content\">\n<article>\n<h5 class=\"s28 m10\"><span>Description du produit<\/span><\/h5>\n<p><span>&#8216;Robbie&#8217; est un petit sac \u00e0 bandouli\u00e8re en\u00a0<\/span><a href=\"https:\/\/www.bearlifestyle.nl\/nl\/collecties\/callisto-pelle\/\"><span>cuir Callisto-Pelle<\/span><\/a><span>\u00a0.\u00a0Ce sac unisexe peut se porter en bandouli\u00e8re ou \u00e0 la ceinture .<\/span><\/p>\n<p><span> La taille parfaite pour votre t\u00e9l\u00e9phone, portefeuille et autres petits objets.<\/span><\/p>\n<h2><span>Sp\u00e9cifications du produit:\u00a0<\/span><\/h2>\n<ul>\n<li><span>Dimensions : 22 x 12 x 5 cm (HxLxP) ;<\/span><\/li>\n<li><span>Le compartiment principal peut \u00eatre ferm\u00e9 par un rabat avec bouton-pression magn\u00e9tique ;<\/span><\/li>\n<li><span>Compartiment principal avec poche zipp\u00e9e s\u00e9paratrice ;<\/span><\/li>\n<li><span>12 emplacements pour cartes ;<\/span><\/li>\n<li><span>Poche avant plaqu\u00e9e\u00a0;<\/span><\/li>\n<li><span>Bandouli\u00e8re r\u00e9glable et amovible;<\/span><\/li>\n<li><span>Possibilit\u00e9 de porter le sac \u00e0 la ceinture ;<\/span><\/li>\n<li><span>Disponible en\u00a0<\/span><a href=\"https:\/\/www.bearlifestyle.nl\/nl\/search\/robbie\/\"><span>diff\u00e9rentes couleurs<\/span><\/a><span>\u00a0.<\/span><\/li>\n<\/ul>\n<\/article>\n<\/div>\n","protected":false},"excerpt":{"rendered":"<p>Le petit sac \u00e0 bandouli\u00e8re &#8216;Robbie&#8217; est un sac en cuir fin et robuste de la collection Calisto-Pelle de Bear Design.<\/p>\n<p>Ce sac est parfait pour tout le monde , disponible en diff\u00e9rentes couleurs !<\/p>\n<p>&nbsp;<\/p>\n<div class=\"cols-d m70 product-content\">\n<article>\n<h6><em>*POUR UN SAC DE LA MARQUE BEAR DESIGN ACHET\u00c9,\u00a0 1 PORTE CL\u00c9 ASSORTI AINSI QU\u2019UN POCHON EN COTON VOUS SERONT OFFERTS.<\/em><\/h6>\n<\/article>\n<\/div>\n","protected":false},"featured_media":14762,"comment_status":"open","ping_status":"closed","template":"","meta":[],"product_cat":[125,183,133,130],"product_tag":[151],"giftcard-category":[],"class_list":{"0":"post-14728","1":"product","2":"type-product","3":"status-publish","4":"has-post-thumbnail","6":"product_cat-femme","7":"product_cat-homme","8":"product_cat-pochette-multifonction","9":"product_cat-sac-bandouliere","10":"product_tag-bear-design","12":"first","13":"instock","14":"shipping-taxable","15":"purchasable","16":"product-type-variable"},"yoast_head":"<!-- This site is optimized with the Yoast SEO plugin v24.0 - https:\/\/yoast.com\/wordpress\/plugins\/seo\/ -->\n<title>Sac bandouli\u00e8re &#039;Robbie&#039; Porte t\u00e9l\u00e9phone - Coeur de Saint Fargeau<\/title>\n<meta name=\"description\" content=\"sacs , porte t\u00e9l\u00e9phone en cuir avec plusieurs emplacements cartes. Convient aussi bien pour une femme que pour un homme .\" \/>\n<meta name=\"robots\" content=\"index, follow, max-snippet:-1, max-image-preview:large, max-video-preview:-1\" \/>\n<link rel=\"canonical\" href=\"https:\/\/www.coeurdesaintfargeau.fr\/en\/produit\/sac-bandouliere-robbie-porte-telephone\/\" \/>\n<meta property=\"og:locale\" content=\"en_US\" \/>\n<meta property=\"og:type\" content=\"article\" \/>\n<meta property=\"og:title\" content=\"Sac bandouli\u00e8re &#039;Robbie&#039; Porte t\u00e9l\u00e9phone - Coeur de Saint Fargeau\" \/>\n<meta property=\"og:description\" content=\"sacs , porte t\u00e9l\u00e9phone en cuir avec plusieurs emplacements cartes. Convient aussi bien pour une femme que pour un homme .\" \/>\n<meta property=\"og:url\" content=\"https:\/\/www.coeurdesaintfargeau.fr\/en\/produit\/sac-bandouliere-robbie-porte-telephone\/\" \/>\n<meta property=\"og:site_name\" content=\"Coeur de Saint Fargeau\" \/>\n<meta property=\"article:modified_time\" content=\"2022-04-16T15:10:53+00:00\" \/>\n<meta property=\"og:image\" content=\"https:\/\/www.coeurdesaintfargeau.fr\/wp-content\/uploads\/2022\/04\/bear-design-schoudertasje-robbie-turquoise-cp-2184.jpeg\" \/>\n\t<meta property=\"og:image:width\" content=\"660\" \/>\n\t<meta property=\"og:image:height\" content=\"660\" \/>\n\t<meta property=\"og:image:type\" content=\"image\/jpeg\" \/>\n<meta name=\"twitter:card\" content=\"summary_large_image\" \/>\n<meta name=\"twitter:label1\" content=\"Est. reading time\" \/>\n\t<meta name=\"twitter:data1\" content=\"1 minute\" \/>\n<script type=\"application\/ld+json\" class=\"yoast-schema-graph\">{\"@context\":\"https:\/\/schema.org\",\"@graph\":[{\"@type\":\"WebPage\",\"@id\":\"https:\/\/www.coeurdesaintfargeau.fr\/en\/produit\/sac-bandouliere-robbie-porte-telephone\/\",\"url\":\"https:\/\/www.coeurdesaintfargeau.fr\/en\/produit\/sac-bandouliere-robbie-porte-telephone\/\",\"name\":\"Sac bandouli\u00e8re 'Robbie' Porte t\u00e9l\u00e9phone - Coeur de Saint Fargeau\",\"isPartOf\":{\"@id\":\"https:\/\/www.coeurdesaintfargeau.fr\/en\/#website\"},\"primaryImageOfPage\":{\"@id\":\"https:\/\/www.coeurdesaintfargeau.fr\/en\/produit\/sac-bandouliere-robbie-porte-telephone\/#primaryimage\"},\"image\":{\"@id\":\"https:\/\/www.coeurdesaintfargeau.fr\/en\/produit\/sac-bandouliere-robbie-porte-telephone\/#primaryimage\"},\"thumbnailUrl\":\"https:\/\/www.coeurdesaintfargeau.fr\/wp-content\/uploads\/2022\/04\/bear-design-schoudertasje-robbie-turquoise-cp-2184.jpeg\",\"datePublished\":\"2022-04-16T15:10:52+00:00\",\"dateModified\":\"2022-04-16T15:10:53+00:00\",\"description\":\"sacs , porte t\u00e9l\u00e9phone en cuir avec plusieurs emplacements cartes. Convient aussi bien pour une femme que pour un homme .\",\"breadcrumb\":{\"@id\":\"https:\/\/www.coeurdesaintfargeau.fr\/en\/produit\/sac-bandouliere-robbie-porte-telephone\/#breadcrumb\"},\"inLanguage\":\"en-US\",\"potentialAction\":[{\"@type\":\"ReadAction\",\"target\":[\"https:\/\/www.coeurdesaintfargeau.fr\/en\/produit\/sac-bandouliere-robbie-porte-telephone\/\"]}]},{\"@type\":\"ImageObject\",\"inLanguage\":\"en-US\",\"@id\":\"https:\/\/www.coeurdesaintfargeau.fr\/en\/produit\/sac-bandouliere-robbie-porte-telephone\/#primaryimage\",\"url\":\"https:\/\/www.coeurdesaintfargeau.fr\/wp-content\/uploads\/2022\/04\/bear-design-schoudertasje-robbie-turquoise-cp-2184.jpeg\",\"contentUrl\":\"https:\/\/www.coeurdesaintfargeau.fr\/wp-content\/uploads\/2022\/04\/bear-design-schoudertasje-robbie-turquoise-cp-2184.jpeg\",\"width\":660,\"height\":660},{\"@type\":\"BreadcrumbList\",\"@id\":\"https:\/\/www.coeurdesaintfargeau.fr\/en\/produit\/sac-bandouliere-robbie-porte-telephone\/#breadcrumb\",\"itemListElement\":[{\"@type\":\"ListItem\",\"position\":1,\"name\":\"Accueil\",\"item\":\"https:\/\/www.coeurdesaintfargeau.fr\/en\/\"},{\"@type\":\"ListItem\",\"position\":2,\"name\":\"Boutique\",\"item\":\"https:\/\/www.coeurdesaintfargeau.fr\/boutique\/\"},{\"@type\":\"ListItem\",\"position\":3,\"name\":\"Sac bandouli\u00e8re &#8216;Robbie&#8217; Porte t\u00e9l\u00e9phone\"}]},{\"@type\":\"WebSite\",\"@id\":\"https:\/\/www.coeurdesaintfargeau.fr\/en\/#website\",\"url\":\"https:\/\/www.coeurdesaintfargeau.fr\/en\/\",\"name\":\"Coeur de Saint Fargeau\",\"description\":\"Maroquinerie et accessoires.\",\"potentialAction\":[{\"@type\":\"SearchAction\",\"target\":{\"@type\":\"EntryPoint\",\"urlTemplate\":\"https:\/\/www.coeurdesaintfargeau.fr\/en\/?s={search_term_string}\"},\"query-input\":{\"@type\":\"PropertyValueSpecification\",\"valueRequired\":true,\"valueName\":\"search_term_string\"}}],\"inLanguage\":\"en-US\"}]}<\/script>\n<!-- \/ Yoast SEO plugin. -->","yoast_head_json":{"title":"Sac bandouli\u00e8re 'Robbie' Porte t\u00e9l\u00e9phone - Coeur de Saint Fargeau","description":"sacs , porte t\u00e9l\u00e9phone en cuir avec plusieurs emplacements cartes. Convient aussi bien pour une femme que pour un homme .","robots":{"index":"index","follow":"follow","max-snippet":"max-snippet:-1","max-image-preview":"max-image-preview:large","max-video-preview":"max-video-preview:-1"},"canonical":"https:\/\/www.coeurdesaintfargeau.fr\/en\/produit\/sac-bandouliere-robbie-porte-telephone\/","og_locale":"en_US","og_type":"article","og_title":"Sac bandouli\u00e8re 'Robbie' Porte t\u00e9l\u00e9phone - Coeur de Saint Fargeau","og_description":"sacs , porte t\u00e9l\u00e9phone en cuir avec plusieurs emplacements cartes. Convient aussi bien pour une femme que pour un homme .","og_url":"https:\/\/www.coeurdesaintfargeau.fr\/en\/produit\/sac-bandouliere-robbie-porte-telephone\/","og_site_name":"Coeur de Saint Fargeau","article_modified_time":"2022-04-16T15:10:53+00:00","og_image":[{"width":660,"height":660,"url":"https:\/\/www.coeurdesaintfargeau.fr\/wp-content\/uploads\/2022\/04\/bear-design-schoudertasje-robbie-turquoise-cp-2184.jpeg","type":"image\/jpeg"}],"twitter_card":"summary_large_image","twitter_misc":{"Est. reading time":"1 minute"},"schema":{"@context":"https:\/\/schema.org","@graph":[{"@type":"WebPage","@id":"https:\/\/www.coeurdesaintfargeau.fr\/en\/produit\/sac-bandouliere-robbie-porte-telephone\/","url":"https:\/\/www.coeurdesaintfargeau.fr\/en\/produit\/sac-bandouliere-robbie-porte-telephone\/","name":"Sac bandouli\u00e8re 'Robbie' Porte t\u00e9l\u00e9phone - Coeur de Saint Fargeau","isPartOf":{"@id":"https:\/\/www.coeurdesaintfargeau.fr\/en\/#website"},"primaryImageOfPage":{"@id":"https:\/\/www.coeurdesaintfargeau.fr\/en\/produit\/sac-bandouliere-robbie-porte-telephone\/#primaryimage"},"image":{"@id":"https:\/\/www.coeurdesaintfargeau.fr\/en\/produit\/sac-bandouliere-robbie-porte-telephone\/#primaryimage"},"thumbnailUrl":"https:\/\/www.coeurdesaintfargeau.fr\/wp-content\/uploads\/2022\/04\/bear-design-schoudertasje-robbie-turquoise-cp-2184.jpeg","datePublished":"2022-04-16T15:10:52+00:00","dateModified":"2022-04-16T15:10:53+00:00","description":"sacs , porte t\u00e9l\u00e9phone en cuir avec plusieurs emplacements cartes. Convient aussi bien pour une femme que pour un homme .","breadcrumb":{"@id":"https:\/\/www.coeurdesaintfargeau.fr\/en\/produit\/sac-bandouliere-robbie-porte-telephone\/#breadcrumb"},"inLanguage":"en-US","potentialAction":[{"@type":"ReadAction","target":["https:\/\/www.coeurdesaintfargeau.fr\/en\/produit\/sac-bandouliere-robbie-porte-telephone\/"]}]},{"@type":"ImageObject","inLanguage":"en-US","@id":"https:\/\/www.coeurdesaintfargeau.fr\/en\/produit\/sac-bandouliere-robbie-porte-telephone\/#primaryimage","url":"https:\/\/www.coeurdesaintfargeau.fr\/wp-content\/uploads\/2022\/04\/bear-design-schoudertasje-robbie-turquoise-cp-2184.jpeg","contentUrl":"https:\/\/www.coeurdesaintfargeau.fr\/wp-content\/uploads\/2022\/04\/bear-design-schoudertasje-robbie-turquoise-cp-2184.jpeg","width":660,"height":660},{"@type":"BreadcrumbList","@id":"https:\/\/www.coeurdesaintfargeau.fr\/en\/produit\/sac-bandouliere-robbie-porte-telephone\/#breadcrumb","itemListElement":[{"@type":"ListItem","position":1,"name":"Accueil","item":"https:\/\/www.coeurdesaintfargeau.fr\/en\/"},{"@type":"ListItem","position":2,"name":"Boutique","item":"https:\/\/www.coeurdesaintfargeau.fr\/boutique\/"},{"@type":"ListItem","position":3,"name":"Sac bandouli\u00e8re &#8216;Robbie&#8217; Porte t\u00e9l\u00e9phone"}]},{"@type":"WebSite","@id":"https:\/\/www.coeurdesaintfargeau.fr\/en\/#website","url":"https:\/\/www.coeurdesaintfargeau.fr\/en\/","name":"Coeur de Saint Fargeau","description":"Maroquinerie et accessoires.","potentialAction":[{"@type":"SearchAction","target":{"@type":"EntryPoint","urlTemplate":"https:\/\/www.coeurdesaintfargeau.fr\/en\/?s={search_term_string}"},"query-input":{"@type":"PropertyValueSpecification","valueRequired":true,"valueName":"search_term_string"}}],"inLanguage":"en-US"}]}},"_links":{"self":[{"href":"https:\/\/www.coeurdesaintfargeau.fr\/en\/wp-json\/wp\/v2\/product\/14728","targetHints":{"allow":["GET"]}}],"collection":[{"href":"https:\/\/www.coeurdesaintfargeau.fr\/en\/wp-json\/wp\/v2\/product"}],"about":[{"href":"https:\/\/www.coeurdesaintfargeau.fr\/en\/wp-json\/wp\/v2\/types\/product"}],"replies":[{"embeddable":true,"href":"https:\/\/www.coeurdesaintfargeau.fr\/en\/wp-json\/wp\/v2\/comments?post=14728"}],"wp:featuredmedia":[{"embeddable":true,"href":"https:\/\/www.coeurdesaintfargeau.fr\/en\/wp-json\/wp\/v2\/media\/14762"}],"wp:attachment":[{"href":"https:\/\/www.coeurdesaintfargeau.fr\/en\/wp-json\/wp\/v2\/media?parent=14728"}],"wp:term":[{"taxonomy":"product_cat","embeddable":true,"href":"https:\/\/www.coeurdesaintfargeau.fr\/en\/wp-json\/wp\/v2\/product_cat?post=14728"},{"taxonomy":"product_tag","embeddable":true,"href":"https:\/\/www.coeurdesaintfargeau.fr\/en\/wp-json\/wp\/v2\/product_tag?post=14728"},{"taxonomy":"giftcard-category","embeddable":true,"href":"https:\/\/www.coeurdesaintfargeau.fr\/en\/wp-json\/wp\/v2\/giftcard-category?post=14728"}],"curies":[{"name":"wp","href":"https:\/\/api.w.org\/{rel}","templated":true}]}}