{"id":14438,"date":"2022-03-19T11:18:42","date_gmt":"2022-03-19T10:18:42","guid":{"rendered":"https:\/\/www.coeurdesaintfargeau.fr\/?post_type=product&#038;p=14438"},"modified":"2022-03-19T11:18:42","modified_gmt":"2022-03-19T10:18:42","slug":"pochette-portefeuille-porte-telephone-zoey","status":"publish","type":"product","link":"https:\/\/www.coeurdesaintfargeau.fr\/en\/produit\/pochette-portefeuille-porte-telephone-zoey\/","title":{"rendered":"Pochette -Portefeuille -Porte t\u00e9l\u00e9phone &#8220;Zoey&#8221;"},"content":{"rendered":"<p><strong>Une pochette\u00a0 super sympa et spacieuse<\/strong><\/p>\n<p><strong>Fabriqu\u00e9 en cuir souple et r\u00e9sistant, s&#8217;adapte \u00e0 presque tous les t\u00e9l\u00e9phones et peut \u00e9galement \u00eatre utilis\u00e9e comme portefeuille !<\/strong><\/p>\n<p><strong>Caract\u00e9ristiques:<\/strong><\/p>\n<ul>\n<li><strong>Dimensions : H 20 , L11 ,\u00a0 P4\u00a0 CM<\/strong><\/li>\n<li><strong>Poids : 270 grammes\u00a0<\/strong><\/li>\n<li><strong>Compartiment principal\/t\u00e9l\u00e9phone verrouillable par double bouton pression : 10 cm de Largeur , 1,8 cm de profondeur<\/strong><\/li>\n<li><strong>Poche zipp\u00e9e \u00e0 l&#8217;arri\u00e8re :<\/strong><\/li>\n<li><strong>Poche lat\u00e9rale zipp\u00e9e : 8 emplacements pour cartes, 2 poches plaqu\u00e9es et poche zipp\u00e9e de 13 cm<\/strong><\/li>\n<li><strong>Bandouli\u00e8re amovible et r\u00e9glable :\u00a0<\/strong><br \/>\n<strong>&#8211; Longueur maximale : 140 cm (largeur 1,2 cm)<\/strong><\/li>\n<li><strong>Dragonne\u00a0 d\u00e9tachable<\/strong><\/li>\n<li><strong>Disponible en diff\u00e9rentes couleurs<\/strong><\/li>\n<\/ul>\n<p>&nbsp;<\/p>\n","protected":false},"excerpt":{"rendered":"<p>Pochette -Portefeuille -Porte t\u00e9l\u00e9phone en cuir souple<\/p>\n","protected":false},"featured_media":14442,"comment_status":"open","ping_status":"closed","template":"","meta":[],"product_cat":[125,183,133,345],"product_tag":[151],"giftcard-category":[],"class_list":{"0":"post-14438","1":"product","2":"type-product","3":"status-publish","4":"has-post-thumbnail","6":"product_cat-femme","7":"product_cat-homme","8":"product_cat-pochette-multifonction","9":"product_cat-porte-telephone-portefeuille","10":"product_tag-bear-design","12":"first","13":"instock","14":"shipping-taxable","15":"purchasable","16":"product-type-variable"},"yoast_head":"<!-- This site is optimized with the Yoast SEO plugin v24.0 - https:\/\/yoast.com\/wordpress\/plugins\/seo\/ -->\n<title>Pochette -Portefeuille -Porte t\u00e9l\u00e9phone &quot;Zoey&quot; - Coeur de Saint Fargeau<\/title>\n<meta name=\"description\" content=\"Pochette, portefeuille, porte carte , porte t\u00e9l\u00e9phone en cuir souple de chez Bear Design .Pratique et spacieuse\" \/>\n<meta name=\"robots\" content=\"index, follow, max-snippet:-1, max-image-preview:large, max-video-preview:-1\" \/>\n<link rel=\"canonical\" href=\"https:\/\/www.coeurdesaintfargeau.fr\/en\/produit\/pochette-portefeuille-porte-telephone-zoey\/\" \/>\n<meta property=\"og:locale\" content=\"en_US\" \/>\n<meta property=\"og:type\" content=\"article\" \/>\n<meta property=\"og:title\" content=\"Pochette -Portefeuille -Porte t\u00e9l\u00e9phone &quot;Zoey&quot; - Coeur de Saint Fargeau\" \/>\n<meta property=\"og:description\" content=\"Pochette, portefeuille, porte carte , porte t\u00e9l\u00e9phone en cuir souple de chez Bear Design .Pratique et spacieuse\" \/>\n<meta property=\"og:url\" content=\"https:\/\/www.coeurdesaintfargeau.fr\/en\/produit\/pochette-portefeuille-porte-telephone-zoey\/\" \/>\n<meta property=\"og:site_name\" content=\"Coeur de Saint Fargeau\" \/>\n<meta property=\"og:image\" content=\"https:\/\/www.coeurdesaintfargeau.fr\/wp-content\/uploads\/2022\/03\/1-6.jpeg\" \/>\n\t<meta property=\"og:image:width\" content=\"660\" \/>\n\t<meta property=\"og:image:height\" content=\"660\" \/>\n\t<meta property=\"og:image:type\" content=\"image\/jpeg\" \/>\n<meta name=\"twitter:card\" content=\"summary_large_image\" \/>\n<meta name=\"twitter:label1\" content=\"Est. reading time\" \/>\n\t<meta name=\"twitter:data1\" content=\"1 minute\" \/>\n<script type=\"application\/ld+json\" class=\"yoast-schema-graph\">{\"@context\":\"https:\/\/schema.org\",\"@graph\":[{\"@type\":\"WebPage\",\"@id\":\"https:\/\/www.coeurdesaintfargeau.fr\/en\/produit\/pochette-portefeuille-porte-telephone-zoey\/\",\"url\":\"https:\/\/www.coeurdesaintfargeau.fr\/en\/produit\/pochette-portefeuille-porte-telephone-zoey\/\",\"name\":\"Pochette -Portefeuille -Porte t\u00e9l\u00e9phone \\\"Zoey\\\" - Coeur de Saint Fargeau\",\"isPartOf\":{\"@id\":\"https:\/\/www.coeurdesaintfargeau.fr\/en\/#website\"},\"primaryImageOfPage\":{\"@id\":\"https:\/\/www.coeurdesaintfargeau.fr\/en\/produit\/pochette-portefeuille-porte-telephone-zoey\/#primaryimage\"},\"image\":{\"@id\":\"https:\/\/www.coeurdesaintfargeau.fr\/en\/produit\/pochette-portefeuille-porte-telephone-zoey\/#primaryimage\"},\"thumbnailUrl\":\"https:\/\/www.coeurdesaintfargeau.fr\/wp-content\/uploads\/2022\/03\/1-6.jpeg\",\"datePublished\":\"2022-03-19T10:18:42+00:00\",\"dateModified\":\"2022-03-19T10:18:42+00:00\",\"description\":\"Pochette, portefeuille, porte carte , porte t\u00e9l\u00e9phone en cuir souple de chez Bear Design .Pratique et spacieuse\",\"breadcrumb\":{\"@id\":\"https:\/\/www.coeurdesaintfargeau.fr\/en\/produit\/pochette-portefeuille-porte-telephone-zoey\/#breadcrumb\"},\"inLanguage\":\"en-US\",\"potentialAction\":[{\"@type\":\"ReadAction\",\"target\":[\"https:\/\/www.coeurdesaintfargeau.fr\/en\/produit\/pochette-portefeuille-porte-telephone-zoey\/\"]}]},{\"@type\":\"ImageObject\",\"inLanguage\":\"en-US\",\"@id\":\"https:\/\/www.coeurdesaintfargeau.fr\/en\/produit\/pochette-portefeuille-porte-telephone-zoey\/#primaryimage\",\"url\":\"https:\/\/www.coeurdesaintfargeau.fr\/wp-content\/uploads\/2022\/03\/1-6.jpeg\",\"contentUrl\":\"https:\/\/www.coeurdesaintfargeau.fr\/wp-content\/uploads\/2022\/03\/1-6.jpeg\",\"width\":660,\"height\":660},{\"@type\":\"BreadcrumbList\",\"@id\":\"https:\/\/www.coeurdesaintfargeau.fr\/en\/produit\/pochette-portefeuille-porte-telephone-zoey\/#breadcrumb\",\"itemListElement\":[{\"@type\":\"ListItem\",\"position\":1,\"name\":\"Accueil\",\"item\":\"https:\/\/www.coeurdesaintfargeau.fr\/en\/\"},{\"@type\":\"ListItem\",\"position\":2,\"name\":\"Boutique\",\"item\":\"https:\/\/www.coeurdesaintfargeau.fr\/boutique\/\"},{\"@type\":\"ListItem\",\"position\":3,\"name\":\"Pochette -Portefeuille -Porte t\u00e9l\u00e9phone &#8220;Zoey&#8221;\"}]},{\"@type\":\"WebSite\",\"@id\":\"https:\/\/www.coeurdesaintfargeau.fr\/en\/#website\",\"url\":\"https:\/\/www.coeurdesaintfargeau.fr\/en\/\",\"name\":\"Coeur de Saint Fargeau\",\"description\":\"Maroquinerie et accessoires.\",\"potentialAction\":[{\"@type\":\"SearchAction\",\"target\":{\"@type\":\"EntryPoint\",\"urlTemplate\":\"https:\/\/www.coeurdesaintfargeau.fr\/en\/?s={search_term_string}\"},\"query-input\":{\"@type\":\"PropertyValueSpecification\",\"valueRequired\":true,\"valueName\":\"search_term_string\"}}],\"inLanguage\":\"en-US\"}]}<\/script>\n<!-- \/ Yoast SEO plugin. -->","yoast_head_json":{"title":"Pochette -Portefeuille -Porte t\u00e9l\u00e9phone \"Zoey\" - Coeur de Saint Fargeau","description":"Pochette, portefeuille, porte carte , porte t\u00e9l\u00e9phone en cuir souple de chez Bear Design .Pratique et spacieuse","robots":{"index":"index","follow":"follow","max-snippet":"max-snippet:-1","max-image-preview":"max-image-preview:large","max-video-preview":"max-video-preview:-1"},"canonical":"https:\/\/www.coeurdesaintfargeau.fr\/en\/produit\/pochette-portefeuille-porte-telephone-zoey\/","og_locale":"en_US","og_type":"article","og_title":"Pochette -Portefeuille -Porte t\u00e9l\u00e9phone \"Zoey\" - Coeur de Saint Fargeau","og_description":"Pochette, portefeuille, porte carte , porte t\u00e9l\u00e9phone en cuir souple de chez Bear Design .Pratique et spacieuse","og_url":"https:\/\/www.coeurdesaintfargeau.fr\/en\/produit\/pochette-portefeuille-porte-telephone-zoey\/","og_site_name":"Coeur de Saint Fargeau","og_image":[{"width":660,"height":660,"url":"https:\/\/www.coeurdesaintfargeau.fr\/wp-content\/uploads\/2022\/03\/1-6.jpeg","type":"image\/jpeg"}],"twitter_card":"summary_large_image","twitter_misc":{"Est. reading time":"1 minute"},"schema":{"@context":"https:\/\/schema.org","@graph":[{"@type":"WebPage","@id":"https:\/\/www.coeurdesaintfargeau.fr\/en\/produit\/pochette-portefeuille-porte-telephone-zoey\/","url":"https:\/\/www.coeurdesaintfargeau.fr\/en\/produit\/pochette-portefeuille-porte-telephone-zoey\/","name":"Pochette -Portefeuille -Porte t\u00e9l\u00e9phone \"Zoey\" - Coeur de Saint Fargeau","isPartOf":{"@id":"https:\/\/www.coeurdesaintfargeau.fr\/en\/#website"},"primaryImageOfPage":{"@id":"https:\/\/www.coeurdesaintfargeau.fr\/en\/produit\/pochette-portefeuille-porte-telephone-zoey\/#primaryimage"},"image":{"@id":"https:\/\/www.coeurdesaintfargeau.fr\/en\/produit\/pochette-portefeuille-porte-telephone-zoey\/#primaryimage"},"thumbnailUrl":"https:\/\/www.coeurdesaintfargeau.fr\/wp-content\/uploads\/2022\/03\/1-6.jpeg","datePublished":"2022-03-19T10:18:42+00:00","dateModified":"2022-03-19T10:18:42+00:00","description":"Pochette, portefeuille, porte carte , porte t\u00e9l\u00e9phone en cuir souple de chez Bear Design .Pratique et spacieuse","breadcrumb":{"@id":"https:\/\/www.coeurdesaintfargeau.fr\/en\/produit\/pochette-portefeuille-porte-telephone-zoey\/#breadcrumb"},"inLanguage":"en-US","potentialAction":[{"@type":"ReadAction","target":["https:\/\/www.coeurdesaintfargeau.fr\/en\/produit\/pochette-portefeuille-porte-telephone-zoey\/"]}]},{"@type":"ImageObject","inLanguage":"en-US","@id":"https:\/\/www.coeurdesaintfargeau.fr\/en\/produit\/pochette-portefeuille-porte-telephone-zoey\/#primaryimage","url":"https:\/\/www.coeurdesaintfargeau.fr\/wp-content\/uploads\/2022\/03\/1-6.jpeg","contentUrl":"https:\/\/www.coeurdesaintfargeau.fr\/wp-content\/uploads\/2022\/03\/1-6.jpeg","width":660,"height":660},{"@type":"BreadcrumbList","@id":"https:\/\/www.coeurdesaintfargeau.fr\/en\/produit\/pochette-portefeuille-porte-telephone-zoey\/#breadcrumb","itemListElement":[{"@type":"ListItem","position":1,"name":"Accueil","item":"https:\/\/www.coeurdesaintfargeau.fr\/en\/"},{"@type":"ListItem","position":2,"name":"Boutique","item":"https:\/\/www.coeurdesaintfargeau.fr\/boutique\/"},{"@type":"ListItem","position":3,"name":"Pochette -Portefeuille -Porte t\u00e9l\u00e9phone &#8220;Zoey&#8221;"}]},{"@type":"WebSite","@id":"https:\/\/www.coeurdesaintfargeau.fr\/en\/#website","url":"https:\/\/www.coeurdesaintfargeau.fr\/en\/","name":"Coeur de Saint Fargeau","description":"Maroquinerie et accessoires.","potentialAction":[{"@type":"SearchAction","target":{"@type":"EntryPoint","urlTemplate":"https:\/\/www.coeurdesaintfargeau.fr\/en\/?s={search_term_string}"},"query-input":{"@type":"PropertyValueSpecification","valueRequired":true,"valueName":"search_term_string"}}],"inLanguage":"en-US"}]}},"_links":{"self":[{"href":"https:\/\/www.coeurdesaintfargeau.fr\/en\/wp-json\/wp\/v2\/product\/14438","targetHints":{"allow":["GET"]}}],"collection":[{"href":"https:\/\/www.coeurdesaintfargeau.fr\/en\/wp-json\/wp\/v2\/product"}],"about":[{"href":"https:\/\/www.coeurdesaintfargeau.fr\/en\/wp-json\/wp\/v2\/types\/product"}],"replies":[{"embeddable":true,"href":"https:\/\/www.coeurdesaintfargeau.fr\/en\/wp-json\/wp\/v2\/comments?post=14438"}],"wp:featuredmedia":[{"embeddable":true,"href":"https:\/\/www.coeurdesaintfargeau.fr\/en\/wp-json\/wp\/v2\/media\/14442"}],"wp:attachment":[{"href":"https:\/\/www.coeurdesaintfargeau.fr\/en\/wp-json\/wp\/v2\/media?parent=14438"}],"wp:term":[{"taxonomy":"product_cat","embeddable":true,"href":"https:\/\/www.coeurdesaintfargeau.fr\/en\/wp-json\/wp\/v2\/product_cat?post=14438"},{"taxonomy":"product_tag","embeddable":true,"href":"https:\/\/www.coeurdesaintfargeau.fr\/en\/wp-json\/wp\/v2\/product_tag?post=14438"},{"taxonomy":"giftcard-category","embeddable":true,"href":"https:\/\/www.coeurdesaintfargeau.fr\/en\/wp-json\/wp\/v2\/giftcard-category?post=14438"}],"curies":[{"name":"wp","href":"https:\/\/api.w.org\/{rel}","templated":true}]}}