{"id":14234,"date":"2022-03-04T15:07:39","date_gmt":"2022-03-04T14:07:39","guid":{"rendered":"https:\/\/www.coeurdesaintfargeau.fr\/?post_type=product&#038;p=14234"},"modified":"2022-04-02T15:11:56","modified_gmt":"2022-04-02T13:11:56","slug":"sac-a-main-porte-epaule-zavia","status":"publish","type":"product","link":"https:\/\/www.coeurdesaintfargeau.fr\/en\/produit\/sac-a-main-porte-epaule-zavia\/","title":{"rendered":"Sac \u00e0 Main\/Port\u00e9 \u00c9paule &#8220;ZAVIA&#8221;"},"content":{"rendered":"<p><strong>Un sac \u00e0 main, port\u00e9 \u00e9paule en cuir de taille moyenne id\u00e9al pour un usage quotidien.<\/strong><\/p>\n<p>&nbsp;<\/p>\n<ul>\n<li><strong>Dimensions : 25 x 36 x 13 cm<\/strong><\/li>\n<li><strong>Longueur des anses : 12 cm ;<\/strong><\/li>\n<li><strong>Bandouli\u00e8re amovible et r\u00e9glable : 130 cm de longueur maximum<\/strong><\/li>\n<li><strong>Compartiment principal zipp\u00e9<\/strong>\n<ul>\n<li><strong>A l\u2019int\u00e9rieure du sac :<br \/>\n<\/strong><strong>\u00a0 \u00a0 1 grande poche central zipp\u00e9e<br \/>\n<\/strong><strong>\u00a0 \u00a0 1 petite poche zipp\u00e9e et 2 compartiments de rangement , 2 compartiments pour stylos<\/strong><\/li>\n<\/ul>\n<\/li>\n<li><strong>1 Poche zipp\u00e9e \u00e0 l&#8217;arri\u00e8re du sac\u00a0<\/strong>Disponible en noir et cognac.<\/li>\n<\/ul>\n","protected":false},"excerpt":{"rendered":"<p><strong>Un sac \u00e0 main, port\u00e9 \u00e9paule en cuir de taille moyenne\u00a0 id\u00e9al pour un usage quotidien.<\/strong><\/p>\n<h6><em>*POUR UN SAC DE LA MARQUE BEAR DESIGN ACHET\u00c9,\u00a0 1 PORTE CL\u00c9 ASSORTI AINSI QU\u2019UN POCHON EN COTON VOUS SERONT OFFERTS.<\/em><\/h6>\n<p>&nbsp;<\/p>\n","protected":false},"featured_media":14235,"comment_status":"open","ping_status":"closed","template":"","meta":[],"product_cat":[15,125,126],"product_tag":[151],"giftcard-category":[],"class_list":{"0":"post-14234","1":"product","2":"type-product","3":"status-publish","4":"has-post-thumbnail","6":"product_cat-non-classe","7":"product_cat-femme","8":"product_cat-sac","9":"product_tag-bear-design","11":"first","12":"instock","13":"shipping-taxable","14":"purchasable","15":"product-type-variable"},"yoast_head":"<!-- This site is optimized with the Yoast SEO plugin v24.0 - https:\/\/yoast.com\/wordpress\/plugins\/seo\/ -->\n<title>Sac \u00e0 Main\/Port\u00e9 \u00c9paule &quot;ZAVIA&quot; - Coeur de Saint Fargeau<\/title>\n<meta name=\"description\" content=\"Sac Port\u00e9 main,Port\u00e9 \u00c9paule CP2177 Bear Design\" \/>\n<meta name=\"robots\" content=\"index, follow, max-snippet:-1, max-image-preview:large, max-video-preview:-1\" \/>\n<link rel=\"canonical\" href=\"https:\/\/www.coeurdesaintfargeau.fr\/en\/produit\/sac-a-main-porte-epaule-zavia\/\" \/>\n<meta property=\"og:locale\" content=\"en_US\" \/>\n<meta property=\"og:type\" content=\"article\" \/>\n<meta property=\"og:title\" content=\"Sac \u00e0 Main\/Port\u00e9 \u00c9paule &quot;ZAVIA&quot; - Coeur de Saint Fargeau\" \/>\n<meta property=\"og:description\" content=\"Sac Port\u00e9 main,Port\u00e9 \u00c9paule CP2177 Bear Design\" \/>\n<meta property=\"og:url\" content=\"https:\/\/www.coeurdesaintfargeau.fr\/en\/produit\/sac-a-main-porte-epaule-zavia\/\" \/>\n<meta property=\"og:site_name\" content=\"Coeur de Saint Fargeau\" \/>\n<meta property=\"article:modified_time\" content=\"2022-04-02T13:11:56+00:00\" \/>\n<meta property=\"og:image\" content=\"https:\/\/www.coeurdesaintfargeau.fr\/wp-content\/uploads\/2022\/03\/26AC017DB613623E7029D315AD39A721E94F29E1.jpeg\" \/>\n\t<meta property=\"og:image:width\" content=\"700\" \/>\n\t<meta property=\"og:image:height\" content=\"700\" \/>\n\t<meta property=\"og:image:type\" content=\"image\/jpeg\" \/>\n<meta name=\"twitter:card\" content=\"summary_large_image\" \/>\n<meta name=\"twitter:label1\" content=\"Est. reading time\" \/>\n\t<meta name=\"twitter:data1\" content=\"1 minute\" \/>\n<script type=\"application\/ld+json\" class=\"yoast-schema-graph\">{\"@context\":\"https:\/\/schema.org\",\"@graph\":[{\"@type\":\"WebPage\",\"@id\":\"https:\/\/www.coeurdesaintfargeau.fr\/en\/produit\/sac-a-main-porte-epaule-zavia\/\",\"url\":\"https:\/\/www.coeurdesaintfargeau.fr\/en\/produit\/sac-a-main-porte-epaule-zavia\/\",\"name\":\"Sac \u00e0 Main\/Port\u00e9 \u00c9paule \\\"ZAVIA\\\" - Coeur de Saint Fargeau\",\"isPartOf\":{\"@id\":\"https:\/\/www.coeurdesaintfargeau.fr\/en\/#website\"},\"primaryImageOfPage\":{\"@id\":\"https:\/\/www.coeurdesaintfargeau.fr\/en\/produit\/sac-a-main-porte-epaule-zavia\/#primaryimage\"},\"image\":{\"@id\":\"https:\/\/www.coeurdesaintfargeau.fr\/en\/produit\/sac-a-main-porte-epaule-zavia\/#primaryimage\"},\"thumbnailUrl\":\"https:\/\/www.coeurdesaintfargeau.fr\/wp-content\/uploads\/2022\/03\/26AC017DB613623E7029D315AD39A721E94F29E1.jpeg\",\"datePublished\":\"2022-03-04T14:07:39+00:00\",\"dateModified\":\"2022-04-02T13:11:56+00:00\",\"description\":\"Sac Port\u00e9 main,Port\u00e9 \u00c9paule CP2177 Bear Design\",\"breadcrumb\":{\"@id\":\"https:\/\/www.coeurdesaintfargeau.fr\/en\/produit\/sac-a-main-porte-epaule-zavia\/#breadcrumb\"},\"inLanguage\":\"en-US\",\"potentialAction\":[{\"@type\":\"ReadAction\",\"target\":[\"https:\/\/www.coeurdesaintfargeau.fr\/en\/produit\/sac-a-main-porte-epaule-zavia\/\"]}]},{\"@type\":\"ImageObject\",\"inLanguage\":\"en-US\",\"@id\":\"https:\/\/www.coeurdesaintfargeau.fr\/en\/produit\/sac-a-main-porte-epaule-zavia\/#primaryimage\",\"url\":\"https:\/\/www.coeurdesaintfargeau.fr\/wp-content\/uploads\/2022\/03\/26AC017DB613623E7029D315AD39A721E94F29E1.jpeg\",\"contentUrl\":\"https:\/\/www.coeurdesaintfargeau.fr\/wp-content\/uploads\/2022\/03\/26AC017DB613623E7029D315AD39A721E94F29E1.jpeg\",\"width\":700,\"height\":700},{\"@type\":\"BreadcrumbList\",\"@id\":\"https:\/\/www.coeurdesaintfargeau.fr\/en\/produit\/sac-a-main-porte-epaule-zavia\/#breadcrumb\",\"itemListElement\":[{\"@type\":\"ListItem\",\"position\":1,\"name\":\"Accueil\",\"item\":\"https:\/\/www.coeurdesaintfargeau.fr\/en\/\"},{\"@type\":\"ListItem\",\"position\":2,\"name\":\"Boutique\",\"item\":\"https:\/\/www.coeurdesaintfargeau.fr\/boutique\/\"},{\"@type\":\"ListItem\",\"position\":3,\"name\":\"Sac \u00e0 Main\/Port\u00e9 \u00c9paule &#8220;ZAVIA&#8221;\"}]},{\"@type\":\"WebSite\",\"@id\":\"https:\/\/www.coeurdesaintfargeau.fr\/en\/#website\",\"url\":\"https:\/\/www.coeurdesaintfargeau.fr\/en\/\",\"name\":\"Coeur de Saint Fargeau\",\"description\":\"Maroquinerie et accessoires.\",\"potentialAction\":[{\"@type\":\"SearchAction\",\"target\":{\"@type\":\"EntryPoint\",\"urlTemplate\":\"https:\/\/www.coeurdesaintfargeau.fr\/en\/?s={search_term_string}\"},\"query-input\":{\"@type\":\"PropertyValueSpecification\",\"valueRequired\":true,\"valueName\":\"search_term_string\"}}],\"inLanguage\":\"en-US\"}]}<\/script>\n<!-- \/ Yoast SEO plugin. -->","yoast_head_json":{"title":"Sac \u00e0 Main\/Port\u00e9 \u00c9paule \"ZAVIA\" - Coeur de Saint Fargeau","description":"Sac Port\u00e9 main,Port\u00e9 \u00c9paule CP2177 Bear Design","robots":{"index":"index","follow":"follow","max-snippet":"max-snippet:-1","max-image-preview":"max-image-preview:large","max-video-preview":"max-video-preview:-1"},"canonical":"https:\/\/www.coeurdesaintfargeau.fr\/en\/produit\/sac-a-main-porte-epaule-zavia\/","og_locale":"en_US","og_type":"article","og_title":"Sac \u00e0 Main\/Port\u00e9 \u00c9paule \"ZAVIA\" - Coeur de Saint Fargeau","og_description":"Sac Port\u00e9 main,Port\u00e9 \u00c9paule CP2177 Bear Design","og_url":"https:\/\/www.coeurdesaintfargeau.fr\/en\/produit\/sac-a-main-porte-epaule-zavia\/","og_site_name":"Coeur de Saint Fargeau","article_modified_time":"2022-04-02T13:11:56+00:00","og_image":[{"width":700,"height":700,"url":"https:\/\/www.coeurdesaintfargeau.fr\/wp-content\/uploads\/2022\/03\/26AC017DB613623E7029D315AD39A721E94F29E1.jpeg","type":"image\/jpeg"}],"twitter_card":"summary_large_image","twitter_misc":{"Est. reading time":"1 minute"},"schema":{"@context":"https:\/\/schema.org","@graph":[{"@type":"WebPage","@id":"https:\/\/www.coeurdesaintfargeau.fr\/en\/produit\/sac-a-main-porte-epaule-zavia\/","url":"https:\/\/www.coeurdesaintfargeau.fr\/en\/produit\/sac-a-main-porte-epaule-zavia\/","name":"Sac \u00e0 Main\/Port\u00e9 \u00c9paule \"ZAVIA\" - Coeur de Saint Fargeau","isPartOf":{"@id":"https:\/\/www.coeurdesaintfargeau.fr\/en\/#website"},"primaryImageOfPage":{"@id":"https:\/\/www.coeurdesaintfargeau.fr\/en\/produit\/sac-a-main-porte-epaule-zavia\/#primaryimage"},"image":{"@id":"https:\/\/www.coeurdesaintfargeau.fr\/en\/produit\/sac-a-main-porte-epaule-zavia\/#primaryimage"},"thumbnailUrl":"https:\/\/www.coeurdesaintfargeau.fr\/wp-content\/uploads\/2022\/03\/26AC017DB613623E7029D315AD39A721E94F29E1.jpeg","datePublished":"2022-03-04T14:07:39+00:00","dateModified":"2022-04-02T13:11:56+00:00","description":"Sac Port\u00e9 main,Port\u00e9 \u00c9paule CP2177 Bear Design","breadcrumb":{"@id":"https:\/\/www.coeurdesaintfargeau.fr\/en\/produit\/sac-a-main-porte-epaule-zavia\/#breadcrumb"},"inLanguage":"en-US","potentialAction":[{"@type":"ReadAction","target":["https:\/\/www.coeurdesaintfargeau.fr\/en\/produit\/sac-a-main-porte-epaule-zavia\/"]}]},{"@type":"ImageObject","inLanguage":"en-US","@id":"https:\/\/www.coeurdesaintfargeau.fr\/en\/produit\/sac-a-main-porte-epaule-zavia\/#primaryimage","url":"https:\/\/www.coeurdesaintfargeau.fr\/wp-content\/uploads\/2022\/03\/26AC017DB613623E7029D315AD39A721E94F29E1.jpeg","contentUrl":"https:\/\/www.coeurdesaintfargeau.fr\/wp-content\/uploads\/2022\/03\/26AC017DB613623E7029D315AD39A721E94F29E1.jpeg","width":700,"height":700},{"@type":"BreadcrumbList","@id":"https:\/\/www.coeurdesaintfargeau.fr\/en\/produit\/sac-a-main-porte-epaule-zavia\/#breadcrumb","itemListElement":[{"@type":"ListItem","position":1,"name":"Accueil","item":"https:\/\/www.coeurdesaintfargeau.fr\/en\/"},{"@type":"ListItem","position":2,"name":"Boutique","item":"https:\/\/www.coeurdesaintfargeau.fr\/boutique\/"},{"@type":"ListItem","position":3,"name":"Sac \u00e0 Main\/Port\u00e9 \u00c9paule &#8220;ZAVIA&#8221;"}]},{"@type":"WebSite","@id":"https:\/\/www.coeurdesaintfargeau.fr\/en\/#website","url":"https:\/\/www.coeurdesaintfargeau.fr\/en\/","name":"Coeur de Saint Fargeau","description":"Maroquinerie et accessoires.","potentialAction":[{"@type":"SearchAction","target":{"@type":"EntryPoint","urlTemplate":"https:\/\/www.coeurdesaintfargeau.fr\/en\/?s={search_term_string}"},"query-input":{"@type":"PropertyValueSpecification","valueRequired":true,"valueName":"search_term_string"}}],"inLanguage":"en-US"}]}},"_links":{"self":[{"href":"https:\/\/www.coeurdesaintfargeau.fr\/en\/wp-json\/wp\/v2\/product\/14234","targetHints":{"allow":["GET"]}}],"collection":[{"href":"https:\/\/www.coeurdesaintfargeau.fr\/en\/wp-json\/wp\/v2\/product"}],"about":[{"href":"https:\/\/www.coeurdesaintfargeau.fr\/en\/wp-json\/wp\/v2\/types\/product"}],"replies":[{"embeddable":true,"href":"https:\/\/www.coeurdesaintfargeau.fr\/en\/wp-json\/wp\/v2\/comments?post=14234"}],"wp:featuredmedia":[{"embeddable":true,"href":"https:\/\/www.coeurdesaintfargeau.fr\/en\/wp-json\/wp\/v2\/media\/14235"}],"wp:attachment":[{"href":"https:\/\/www.coeurdesaintfargeau.fr\/en\/wp-json\/wp\/v2\/media?parent=14234"}],"wp:term":[{"taxonomy":"product_cat","embeddable":true,"href":"https:\/\/www.coeurdesaintfargeau.fr\/en\/wp-json\/wp\/v2\/product_cat?post=14234"},{"taxonomy":"product_tag","embeddable":true,"href":"https:\/\/www.coeurdesaintfargeau.fr\/en\/wp-json\/wp\/v2\/product_tag?post=14234"},{"taxonomy":"giftcard-category","embeddable":true,"href":"https:\/\/www.coeurdesaintfargeau.fr\/en\/wp-json\/wp\/v2\/giftcard-category?post=14234"}],"curies":[{"name":"wp","href":"https:\/\/api.w.org\/{rel}","templated":true}]}}